{"id":19197,"date":"2022-05-04T10:10:42","date_gmt":"2022-05-04T10:10:42","guid":{"rendered":"https:\/\/ekoopstina.com\/sr\/?page_id=19197"},"modified":"2026-03-22T18:18:18","modified_gmt":"2026-03-22T18:18:18","slug":"le-concours-ekoopstina","status":"publish","type":"page","link":"https:\/\/ekoopstina.com\/sr\/le-concours-ekoopstina\/","title":{"rendered":"Konkurs Ekoop\u0161tina"},"content":{"rendered":"\n<p>Konkurs \u201eEKOOP\u0160TINA\u201c ima za cilj razmenu i \u0161irenje dobrih praksi u oblasti odr\u017eivog razvoja kao i podsticanje srpskih op\u0161tina da ih primenjuju na svojim teritorijama. Konkurs obuhvata 4 kategorije:<\/p>\n\n\n\n<p>&#8211; odr\u017eivo upravljanje otpadom,<\/p>\n\n\n\n<p>&#8211; odr\u017eivo upravljanje vodom,<\/p>\n\n\n\n<p>&#8211; energetsku efikasnost zgrada,<\/p>\n\n\n\n<p>&#8211; odr\u017eiva mobilnost (ex-pametne gradove).<\/p>\n\n\n\n<p>Na konkursu \u00ab&nbsp;EKOOP\u0160TINA&nbsp;\u00bb mogu da u\u010destvuju svi gradovi i op\u0161tine u Srbiji, uz uslov da popune upitnik sa \u0161to je vi\u0161e mogu\u0107e ta\u010dnim i preciznim informacijama<\/p>\n\n\n\n<p>Predvi\u0111ena su po dva pobednika po kategoriji: jedan grad sa vi\u0161e od 40.000 stanovnika i jedan grad sa manje od 40.000 stanovnika. Predstavnici dobitnika c\u0301e biti pozvani na sve\u0107anu dodelu nagrada za konkurs Ekoop\u0161tine, koja \u0107e se odr\u017eati na jesen 2025. godine u Francuskoj ambasadi u Beogradu. Nagrade \u0107e dobitnicima uru\u010diti istaknute francuske i srpske li\u010dnosti kao i predstavnici partnerskih kompanija. Svaki grad ili op\u0161tina koji pobedi na konkursu osvaja studijsko putovanje u Francusku koje organizuje Ambasada Francuske u Srbiji krajem 2026. godine ili po\u010detkom 2027. godine (po dva predstavnika svakog grada ili op\u0161tine koja pobedi).<\/p>\n\n\n\n<p>Da biste poslali prijavu za kategoriju:<\/p>\n\n\n\n<ul class=\"wp-block-list\">\n<li>Odr\u017eivo upravljanje otpadom: <a href=\"https:\/\/ekoopstina.com\/sr\/concours-dechets\/\" data-type=\"page\" data-id=\"19199\">kliknite ovde <\/a><\/li>\n<\/ul>\n\n\n\n<ul class=\"wp-block-list\">\n<li>Odr\u017eivo upravljanje vodom: <a href=\"https:\/\/ekoopstina.com\/sr\/concours-eau\/\" data-type=\"URL\" data-id=\"https:\/\/ekoopstina.com\/sr\/concours-eau\/\">kliknite ovde<\/a><\/li>\n<\/ul>\n\n\n\n<ul class=\"wp-block-list\">\n<li>Energetska efikasnost zgrada: <a href=\"https:\/\/ekoopstina.com\/sr\/concours-efficacite-energetique\/\" data-type=\"page\" data-id=\"19203\">kliknite ovde <\/a><\/li>\n<\/ul>\n\n\n\n<ul class=\"wp-block-list\">\n<li>Odr\u017eiva mobilnost (ex-Pametni gradovi) : <a href=\"https:\/\/ekoopstina.com\/sr\/concours-villes-connectees\/\" data-type=\"URL\" data-id=\"https:\/\/ekoopstina.com\/sr\/concours-villes-connectees\/\">kliknite ovde<\/a> <br><\/li>\n<\/ul>\n\n\n\n<h2 class=\"wp-block-heading\"><strong>\u010cesta pitanja:<\/strong><\/h2>\n\n\n\n<p><strong>Ko mo\u017ee da u\u010destvuje? <\/strong><br>&#8211; Svi srpski gradovi i op\u0161tine.<\/p>\n\n\n\n<p><strong>Koliko ko\u0161ta u\u010de\u0161c\u0301e na konkursu?<\/strong><br> &#8211; Besplatno je.<\/p>\n\n\n\n<p><strong>Da li moja op\u0161tina mora da u\u010destvuje u svim kategorijama? <br><\/strong>&#8211; Ne. Svaka op\u0161tina mo\u017ee da u\u010destvuje u jednoj, dve, tri ili \u010detiri kategorije konkursa u zavisnosti od lokalnih prioriteta.<\/p>\n\n\n\n<p><strong>Koje su nagrade? <\/strong><br>Svaki grad ili op\u0161tina koji pobede osvajaju studijsko putovanje u Francusku koje organizuje Ambasade Francuske u Srbiji\u00a0 krajem 2026. godine ili po\u010detkom 2027. godine (po dva predstavnika svakog grada ili op\u0161tine koji pobede).<\/p>\n\n\n\n<p><strong>Kako da u\u010destvujemo na konkursu? <\/strong><br>&#8211; Jednostavno popunite upitnik za kategoriju u kojoj \u017eelite da u\u010destvujete i po\u0161aljete ga na mejl adresu\u00a0: <a href=\"mailto:cooperation.belgrade-amba@diplomatie.gouv.fr\">cooperation.belgrade-amba@diplomatie.gouv.fr<\/a> u periodu od 25. mart do 30. juna 2026. godine.<\/p>\n\n\n\n<p><strong>Ko mo\u017ee da popuni i potpi\u0161e upitnik? <\/strong><br>Upitnik mora da popuni slu\u017ebenik op\u0161tine ili grada i da ga potpi\u0161e izabrani predstavnik op\u0161tine ili grada (gradona\u010delnik, zamenik gradona\u010delnika, \u010dlan Gradskog vec\u0301a).<\/p>\n\n\n<div class=\"wp-block-image\">\n<figure class=\"alignleft size-large is-resized\"><img loading=\"lazy\" decoding=\"async\" width=\"1024\" height=\"808\" src=\"https:\/\/ekoopstina.com\/sr\/wp-content\/uploads\/2024\/03\/FXK-1-1024x808.png\" alt=\"\" class=\"wp-image-19775\" style=\"width:404px;height:auto\" srcset=\"https:\/\/ekoopstina.com\/sr\/wp-content\/uploads\/2024\/03\/FXK-1-1024x808.png 1024w, https:\/\/ekoopstina.com\/sr\/wp-content\/uploads\/2024\/03\/FXK-1-300x237.png 300w, https:\/\/ekoopstina.com\/sr\/wp-content\/uploads\/2024\/03\/FXK-1-768x606.png 768w, https:\/\/ekoopstina.com\/sr\/wp-content\/uploads\/2024\/03\/FXK-1-370x292.png 370w, https:\/\/ekoopstina.com\/sr\/wp-content\/uploads\/2024\/03\/FXK-1-840x663.png 840w, https:\/\/ekoopstina.com\/sr\/wp-content\/uploads\/2024\/03\/FXK-1-410x324.png 410w, https:\/\/ekoopstina.com\/sr\/wp-content\/uploads\/2024\/03\/FXK-1.png 1039w\" sizes=\"auto, (max-width: 1024px) 100vw, 1024px\" \/><\/figure>\n<\/div>\n\n\n<p><strong>Fran\u00e7ois-Xavier Kowandy \u2022 Kreator &#8211; re\u017eiser konkursa za odr\u017eive gradove<\/strong><\/p>\n\n\n\n<p>Kreirao sam konkurs Ekoop\u0161tina u Srbiji 2022. godine, inspirisan uspehom poljskih i bugarskih izdanja pokrenutih 2012. godine pod nazivom Ecomiasto, a zatim 2016. godine pod nazivom Ecoobchtina.<\/p>\n\n\n\n<p>S ovom inicijativom, \u017eeleo sam pribli\u017eiti francusku ekspertizu u oblasti odr\u017eivih gradova partnerima na\u0161ih misija zemalja kako bismo zajedno radili na za\u0161titi \u017eivotne sredine i konkretno se bavili posledicama klimatskih promena kroz upravljanje vodom, otpadom, odr\u017eivu mobilnost i energetsku efikasnost.<\/p>\n\n\n\n<p>Ovaj program nosi partnerski pristup u svom DNK-u, koji uklju\u010duje tematske \u017eirije iz akademske zajednice, kao i francuske i strane kompanije koje, za neke od njih, podr\u017eavaju ovu inicijativu od njenog osnivanja 2012. godine.<\/p>\n\n\n\n<p><\/p>\n\n\n\n<p>Svim partnerima i svojem timu, ponosan sam da objavim da je Ekoop\u0161tina, od svog osnivanja 2022. godine:<\/p>\n\n\n\n<ul class=\"wp-block-list\">\n<li>okupila vi\u0161e od 1 100 slu\u017ebenika i izabranih predstavnika tokom tematskih seminara na kojima francuski stru\u010dnjaci dele svoje znanje i oboga\u0107uju svoju viziju;<\/li>\n\n\n\n<li>omogu\u0107ila da se stotine dece upoznaju sa pitanjima ekolo\u0161kog gra\u0111anstva;<\/li>\n\n\n\n<li>prikupila prijave +150 srpskih op\u0161tina i tako nagradila one koje \u0107e imati klju\u010dnu ulogu kroz svoje terenske aktivnosti.<\/li>\n<\/ul>\n","protected":false},"excerpt":{"rendered":"<p>Konkurs \u201eEKOOP\u0160TINA\u201c ima za cilj razmenu i \u0161irenje dobrih praksi u oblasti odr\u017eivog razvoja kao i podsticanje srpskih op\u0161tina da ih primenjuju na svojim teritorijama. Konkurs obuhvata 4 kategorije: &#8211;&hellip;<\/p>\n","protected":false},"author":1,"featured_media":0,"parent":0,"menu_order":0,"comment_status":"closed","ping_status":"closed","template":"","meta":{"footnotes":""},"class_list":["post-19197","page","type-page","status-publish","hentry"],"_links":{"self":[{"href":"https:\/\/ekoopstina.com\/sr\/wp-json\/wp\/v2\/pages\/19197","targetHints":{"allow":["GET"]}}],"collection":[{"href":"https:\/\/ekoopstina.com\/sr\/wp-json\/wp\/v2\/pages"}],"about":[{"href":"https:\/\/ekoopstina.com\/sr\/wp-json\/wp\/v2\/types\/page"}],"author":[{"embeddable":true,"href":"https:\/\/ekoopstina.com\/sr\/wp-json\/wp\/v2\/users\/1"}],"replies":[{"embeddable":true,"href":"https:\/\/ekoopstina.com\/sr\/wp-json\/wp\/v2\/comments?post=19197"}],"version-history":[{"count":13,"href":"https:\/\/ekoopstina.com\/sr\/wp-json\/wp\/v2\/pages\/19197\/revisions"}],"predecessor-version":[{"id":20062,"href":"https:\/\/ekoopstina.com\/sr\/wp-json\/wp\/v2\/pages\/19197\/revisions\/20062"}],"wp:attachment":[{"href":"https:\/\/ekoopstina.com\/sr\/wp-json\/wp\/v2\/media?parent=19197"}],"curies":[{"name":"wp","href":"https:\/\/api.w.org\/{rel}","templated":true}]}}