{"id":19203,"date":"2022-05-04T10:13:43","date_gmt":"2022-05-04T10:13:43","guid":{"rendered":"https:\/\/ekoopstina.com\/sr\/?page_id=19203"},"modified":"2026-03-27T09:52:18","modified_gmt":"2026-03-27T09:52:18","slug":"concours-efficacite-energetique","status":"publish","type":"page","link":"https:\/\/ekoopstina.com\/sr\/concours-efficacite-energetique\/","title":{"rendered":"Energetska efikasnost"},"content":{"rendered":"\n<p>Na konkursu \u00ab&nbsp;EKOOP\u0160TINA&nbsp;\u00bb mogu da u\u010destvuju svi gradovi i op\u0161tine u Srbiji, uz uslov da popune upitnik sa \u0161to je vi\u0161e mogu\u0107e ta\u010dnim i preciznim informacijama.&nbsp;<\/p>\n\n\n\n<p>Da biste se prijavili, preuzmite upitnik, popunite ga, potpi\u0161ite, skenirajte i po\u0161aljite mejlom na adresu\u00a0: <a href=\"mailto:cooperation.belgrade-amba@diplomatie.gouv.fr\">cooperation.belgrade-amba@diplomatie.gouv.fr<\/a><strong>\u00a0 u periodu od 25. marta do 30. juna 2026. godine.<\/strong><\/p>\n\n\n\n<p>Na taj na\u010din ste se prijavili.&nbsp;<\/p>\n\n\n\n<p><strong>Preuzeti upitnik&nbsp;:&nbsp;<\/strong><\/p>\n\n\n\n<div class=\"wp-block-file\"><a id=\"wp-block-file--media-eba9db4a-8032-408a-8f48-039ca3bc5acd\" href=\"https:\/\/ekoopstina.com\/sr\/wp-content\/uploads\/2023\/05\/3Page-Concours-Questionnaire-Efficacit_-_nerg_tique.doc\">Upitnik     <\/a><a href=\"https:\/\/ekoopstina.com\/sr\/wp-content\/uploads\/2023\/05\/3Page-Concours-Questionnaire-Efficacit_-_nerg_tique.doc\" class=\"wp-block-file__button wp-element-button\" download aria-describedby=\"wp-block-file--media-eba9db4a-8032-408a-8f48-039ca3bc5acd\">Download<\/a><\/div>\n\n\n\n<p><\/p>\n","protected":false},"excerpt":{"rendered":"<p>Na konkursu \u00ab&nbsp;EKOOP\u0160TINA&nbsp;\u00bb mogu da u\u010destvuju svi gradovi i op\u0161tine u Srbiji, uz uslov da popune upitnik sa \u0161to je vi\u0161e mogu\u0107e ta\u010dnim i preciznim informacijama.&nbsp; Da biste se prijavili,&hellip;<\/p>\n","protected":false},"author":1,"featured_media":0,"parent":0,"menu_order":0,"comment_status":"closed","ping_status":"closed","template":"","meta":{"footnotes":""},"class_list":["post-19203","page","type-page","status-publish","hentry"],"_links":{"self":[{"href":"https:\/\/ekoopstina.com\/sr\/wp-json\/wp\/v2\/pages\/19203","targetHints":{"allow":["GET"]}}],"collection":[{"href":"https:\/\/ekoopstina.com\/sr\/wp-json\/wp\/v2\/pages"}],"about":[{"href":"https:\/\/ekoopstina.com\/sr\/wp-json\/wp\/v2\/types\/page"}],"author":[{"embeddable":true,"href":"https:\/\/ekoopstina.com\/sr\/wp-json\/wp\/v2\/users\/1"}],"replies":[{"embeddable":true,"href":"https:\/\/ekoopstina.com\/sr\/wp-json\/wp\/v2\/comments?post=19203"}],"version-history":[{"count":12,"href":"https:\/\/ekoopstina.com\/sr\/wp-json\/wp\/v2\/pages\/19203\/revisions"}],"predecessor-version":[{"id":20086,"href":"https:\/\/ekoopstina.com\/sr\/wp-json\/wp\/v2\/pages\/19203\/revisions\/20086"}],"wp:attachment":[{"href":"https:\/\/ekoopstina.com\/sr\/wp-json\/wp\/v2\/media?parent=19203"}],"curies":[{"name":"wp","href":"https:\/\/api.w.org\/{rel}","templated":true}]}}