{"id":19205,"date":"2022-05-04T10:14:35","date_gmt":"2022-05-04T10:14:35","guid":{"rendered":"https:\/\/ekoopstina.com\/sr\/?page_id=19205"},"modified":"2026-03-27T09:51:39","modified_gmt":"2026-03-27T09:51:39","slug":"concours-villes-connectees","status":"publish","type":"page","link":"https:\/\/ekoopstina.com\/sr\/concours-villes-connectees\/","title":{"rendered":"Odr\u017eiva urbana mobilnost (Pametni gradovi)"},"content":{"rendered":"\t\t<div data-elementor-type=\"wp-page\" data-elementor-id=\"19205\" class=\"elementor elementor-19205\">\n\t\t\t\t\t\t<div class=\"elementor-inner\">\n\t\t\t\t<div class=\"elementor-section-wrap\">\n\t\t\t\t\t\t\t\t\t<section class=\"elementor-section elementor-top-section elementor-element elementor-element-2bdca7b4 elementor-section-boxed elementor-section-height-default elementor-section-height-default sc_fly_static\" data-id=\"2bdca7b4\" data-element_type=\"section\">\n\t\t\t\t\t\t<div class=\"elementor-container elementor-column-gap-extended\">\n\t\t\t\t\t\t\t<div class=\"elementor-row\">\n\t\t\t\t\t<div class=\"elementor-column elementor-col-100 elementor-top-column elementor-element elementor-element-6fce8996 sc_inner_width_none sc_content_align_inherit sc_layouts_column_icons_position_left sc_fly_static\" data-id=\"6fce8996\" data-element_type=\"column\">\n\t\t\t<div class=\"elementor-column-wrap elementor-element-populated\">\n\t\t\t\t\t\t\t<div class=\"elementor-widget-wrap\">\n\t\t\t\t\t\t<div class=\"elementor-element elementor-element-4d873d56 sc_fly_static elementor-widget elementor-widget-text-editor\" data-id=\"4d873d56\" data-element_type=\"widget\" data-widget_type=\"text-editor.default\">\n\t\t\t\t<div class=\"elementor-widget-container\">\n\t\t\t\t\t\t\t\t<div class=\"elementor-text-editor elementor-clearfix\">\n\t\t\t\t<p>Na konkursu \u00ab\u00a0EKOOP\u0160TINA\u00a0\u00bb mogu da u\u010destvuju svi gradovi i op\u0161tine u Srbiji, uz uslov da popune upitnik sa \u0161to je vi\u0161e mogu\u0107e ta\u010dnim i preciznim informacijama.\u00a0<\/p>\n<p><!-- \/wp:paragraph --><!-- wp:paragraph --><\/p>\n<p>Da biste se prijavili, preuzmite upitnik, popunite ga, potpi\u0161ite, skenirajte i po\u0161aljite mejlom na adresu\u00a0: <a href=\"mailto:cooperation.belgrade-amba@diplomatie.gouv.fr\">cooperation.belgrade-amba@diplomatie.gouv.fr<\/a><strong> u periodu od 25. marta do 30. juna 2026. godine.<\/strong><\/p>\n<p><!-- \/wp:paragraph --><!-- wp:paragraph --><\/p>\n<p>Na taj na\u010din ste se prijavili.\u00a0<\/p>\n<p><!-- \/wp:paragraph --><!-- wp:paragraph --><\/p>\n<p>Preuzeti upitnik\u00a0:<\/p>\n<p><!-- \/wp:paragraph --><!-- wp:file {\"id\":19300,\"href\":\"https:\/\/ekoopstina.com\/sr\/wp-content\/uploads\/2022\/05\/4Page-Concours-Questionnaire-Villes-connect\u0082es.docx\"} --><\/p>\n<div class=\"wp-block-file\"><a id=\"wp-block-file--media-c05cf356-87a4-435c-8aee-dc730b5e3bb4\" href=\"https:\/\/ekoopstina.com\/sr\/wp-content\/uploads\/2023\/03\/ODRZIVA-URBANA-MOBILNOST-Novi-upitnik-Ekoopstina-2023.docx\">Upitnik<\/a><a class=\"wp-block-file__button wp-element-button\" href=\"https:\/\/ekoopstina.com\/sr\/wp-content\/uploads\/2023\/03\/ODRZIVA-URBANA-MOBILNOST-Novi-upitnik-Ekoopstina-2023.docx\" download=\"\" aria-describedby=\"wp-block-file--media-c05cf356-87a4-435c-8aee-dc730b5e3bb4\">Download<\/a><\/div>\n<p><!-- \/wp:file --><\/p>\t\t\t\t\t<\/div>\n\t\t\t\t\t\t<\/div>\n\t\t\t\t<\/div>\n\t\t\t\t\t\t<\/div>\n\t\t\t\t\t<\/div>\n\t\t<\/div>\n\t\t\t\t\t\t\t\t<\/div>\n\t\t\t\t\t<\/div>\n\t\t<\/section>\n\t\t\t\t\t\t\t\t\t<\/div>\n\t\t\t<\/div>\n\t\t\t\t\t<\/div>\n\t\t","protected":false},"excerpt":{"rendered":"<p>Na konkursu \u00ab\u00a0EKOOP\u0160TINA\u00a0\u00bb mogu da u\u010destvuju svi gradovi i op\u0161tine u Srbiji, uz uslov da popune upitnik sa \u0161to je vi\u0161e mogu\u0107e ta\u010dnim i preciznim informacijama.\u00a0 Da biste se prijavili,&hellip;<\/p>\n","protected":false},"author":1,"featured_media":0,"parent":0,"menu_order":0,"comment_status":"closed","ping_status":"closed","template":"","meta":{"footnotes":""},"class_list":["post-19205","page","type-page","status-publish","hentry"],"_links":{"self":[{"href":"https:\/\/ekoopstina.com\/sr\/wp-json\/wp\/v2\/pages\/19205","targetHints":{"allow":["GET"]}}],"collection":[{"href":"https:\/\/ekoopstina.com\/sr\/wp-json\/wp\/v2\/pages"}],"about":[{"href":"https:\/\/ekoopstina.com\/sr\/wp-json\/wp\/v2\/types\/page"}],"author":[{"embeddable":true,"href":"https:\/\/ekoopstina.com\/sr\/wp-json\/wp\/v2\/users\/1"}],"replies":[{"embeddable":true,"href":"https:\/\/ekoopstina.com\/sr\/wp-json\/wp\/v2\/comments?post=19205"}],"version-history":[{"count":35,"href":"https:\/\/ekoopstina.com\/sr\/wp-json\/wp\/v2\/pages\/19205\/revisions"}],"predecessor-version":[{"id":20085,"href":"https:\/\/ekoopstina.com\/sr\/wp-json\/wp\/v2\/pages\/19205\/revisions\/20085"}],"wp:attachment":[{"href":"https:\/\/ekoopstina.com\/sr\/wp-json\/wp\/v2\/media?parent=19205"}],"curies":[{"name":"wp","href":"https:\/\/api.w.org\/{rel}","templated":true}]}}