{"id":19213,"date":"2022-05-04T11:14:28","date_gmt":"2022-05-04T11:14:28","guid":{"rendered":"https:\/\/ekoopstina.com\/sr\/?page_id=19213"},"modified":"2026-04-20T18:23:38","modified_gmt":"2026-04-20T18:23:38","slug":"seminaire-gestion-durable-des-dechets-de-linformation-a-linfrastructure","status":"publish","type":"page","link":"https:\/\/ekoopstina.com\/sr\/seminaire-gestion-durable-des-dechets-de-linformation-a-linfrastructure\/","title":{"rendered":"Seminar: \u201eOdr\u017eivo upravljanje otpadom \u201d"},"content":{"rendered":"\n<p><\/p>\n\n\n\n<p>Datum: <strong>28 april 2026. godine<\/strong><\/p>\n\n\n\n<p>Gde: <strong>Evropska Kuca, <a href=\"https:\/\/maps.app.goo.gl\/dteGj5AQnogsZdQF9\">ugao Knez Mihailove i Zmaj Jovine<\/a>, Beograd<\/strong><\/p>\n\n\n\n<p>Radite u lokalnoj samoupravi i \u017eelite da prisustvujete seminaru ? Potrebno je da se registrujete tako \u0161to \u0107ete poslati poruku na mejl adresu&nbsp;:&nbsp; <a href=\"mailto:cooperation.belgrade-amba@diplomatie.gouv.fr\">cooperation.belgrade-amba@diplomatie.gouv.fr<\/a>&nbsp;<\/p>\n\n\n\n<p>Srbija ima novi program upravljanja otpadom za period 2022-2031. godine kojim se postavljaju temelji&nbsp; integrisanog sistema upravljanja otpadom i modela cirkularne ekonomije.<\/p>\n\n\n\n<p>Ciljevi postavljeni prethodnom strategijom, koja se odnosila na period do 2019. godine, nisu u potpunosti ostvareni. U narednom periodu \u0107e biti potrebno ulo\u017eiti zna\u010dajne napore u nekoliko segmenata, a posebno u razvrstavanje i recikla\u017eu, radi sprovo\u0111enja ekonomskog modela u ovom sektoru (primena principa zaga\u0111iva\u010d plac\u0301a, finansijski podsticaji, itd.) i prelazak sa divljih ili nehigijenskih deponija na deponije koje \u0107e biti u skladu sa va\u017ee\u0107im standardima.<\/p>\n\n\n\n<p>Razvrstavanje otpada se ne vr\u0161i sistematski i oslanja se prvenstveno na mesta u kojima se otpad dobrovoljno odla\u017ee u pojedinim pilot op\u0161tinama i gradovima. To se uglavnom odnosi na PET. Tako da, uop\u0161teno uzev\u0161i, kvalitet i koli\u010dina razvrstanog otpada koji se sakuplja su relativno niski. To je jedan od razloga \u0161to Srbija reciklira samo 5-8% komunalnog otpada, od \u010dega 87% prikuplja neformalni sektor, \u010dime se ne podsti\u010de finansijska odr\u017eivost komunalnih preduzec\u0301a. Edukacija stanovni\u0161tva o tehnikama razvrstavanja i svest o njegovom zna\u010daju su od su\u0161tinskog zna\u010daja za povec\u0301anje udela recikliranog materijala.<\/p>\n\n\n\n<p>Srbija je istovremeno po\u010dela da ula\u017ee velika sredstva u izgradnju osnovnih infrastruktura (deponija) u kontekstu u kojem su divlje deponije jo\u0161 uvek veoma rasprostranjene. Upravljanje buduc\u0301im deponijama, koje je podeljeno izme\u0111u nekoliko op\u0161tina, pokre\u0107e brojna pitanja kao \u0161to su administrativna organizacija (posebno me\u0111uop\u0161tinska), finansije, upravljanje slu\u017ebenicima i saradnja sa privatnim sektorom.<\/p>\n\n\n\n<p>Pridru\u017eite nam se 28. aprila u u Evropskoj Kuci, <a href=\"https:\/\/maps.app.goo.gl\/dteGj5AQnogsZdQF9\">ugao Knez Mihailove i Zmaj Jovine<\/a>, Beograd da razgovaramo sa na\u0161im stru\u010dnjacima!<\/p>\n\n\n\n<p><strong><mark style=\"background-color: rgba(0, 0, 0, 0);\">Ukoliko ste zainteresovani za obilazak regionalnog centra za upravljanje optadom u Vin\u010di, molimo vas da obavezno dostavite registarski broj va\u0161eg vozila prilikom prijave.<\/mark><\/strong><\/p>\n\n\n\n<div data-wp-interactive=\"core\/file\" class=\"wp-block-file\"><object data-wp-bind--hidden=\"!state.hasPdfPreview\" hidden class=\"wp-block-file__embed\" data=\"https:\/\/ekoopstina.com\/sr\/wp-content\/uploads\/2026\/04\/Seminar-otpad.pdf\" type=\"application\/pdf\" style=\"width:100%;height:600px\" aria-label=\"Embed of Seminar otpad.\"><\/object><a id=\"wp-block-file--media-32b2e6d6-dfd9-4a18-b8b7-ddfbff3bd75d\" href=\"https:\/\/ekoopstina.com\/sr\/wp-content\/uploads\/2026\/04\/Seminar-otpad.pdf\">Seminar otpad<\/a><a href=\"https:\/\/ekoopstina.com\/sr\/wp-content\/uploads\/2026\/04\/Seminar-otpad.pdf\" class=\"wp-block-file__button wp-element-button\" download aria-describedby=\"wp-block-file--media-32b2e6d6-dfd9-4a18-b8b7-ddfbff3bd75d\">Download<\/a><\/div>\n\n\n\n<p>&nbsp;<\/p>\n","protected":false},"excerpt":{"rendered":"<p>Datum: 28 april 2026. godine Gde: Evropska Kuca, ugao Knez Mihailove i Zmaj Jovine, Beograd Radite u lokalnoj samoupravi i \u017eelite da prisustvujete seminaru ? Potrebno je da se registrujete&hellip;<\/p>\n","protected":false},"author":1,"featured_media":0,"parent":0,"menu_order":0,"comment_status":"closed","ping_status":"closed","template":"","meta":{"footnotes":""},"class_list":["post-19213","page","type-page","status-publish","hentry"],"_links":{"self":[{"href":"https:\/\/ekoopstina.com\/sr\/wp-json\/wp\/v2\/pages\/19213","targetHints":{"allow":["GET"]}}],"collection":[{"href":"https:\/\/ekoopstina.com\/sr\/wp-json\/wp\/v2\/pages"}],"about":[{"href":"https:\/\/ekoopstina.com\/sr\/wp-json\/wp\/v2\/types\/page"}],"author":[{"embeddable":true,"href":"https:\/\/ekoopstina.com\/sr\/wp-json\/wp\/v2\/users\/1"}],"replies":[{"embeddable":true,"href":"https:\/\/ekoopstina.com\/sr\/wp-json\/wp\/v2\/comments?post=19213"}],"version-history":[{"count":18,"href":"https:\/\/ekoopstina.com\/sr\/wp-json\/wp\/v2\/pages\/19213\/revisions"}],"predecessor-version":[{"id":20130,"href":"https:\/\/ekoopstina.com\/sr\/wp-json\/wp\/v2\/pages\/19213\/revisions\/20130"}],"wp:attachment":[{"href":"https:\/\/ekoopstina.com\/sr\/wp-json\/wp\/v2\/media?parent=19213"}],"curies":[{"name":"wp","href":"https:\/\/api.w.org\/{rel}","templated":true}]}}