{"id":19217,"date":"2022-05-04T11:15:46","date_gmt":"2022-05-04T11:15:46","guid":{"rendered":"https:\/\/ekoopstina.com\/sr\/?page_id=19217"},"modified":"2026-03-27T09:44:51","modified_gmt":"2026-03-27T09:44:51","slug":"seminaire-gestion-durable-de-leau-des-eaux-usees-a-la-creation-de-valeur","status":"publish","type":"page","link":"https:\/\/ekoopstina.com\/sr\/seminaire-gestion-durable-de-leau-des-eaux-usees-a-la-creation-de-valeur\/","title":{"rendered":"Seminar: &#8220;Odr\u017eivo upravljanje vodom &#8220;"},"content":{"rendered":"\n<p><strong>Radimo na pripremi programa za 2026. Detalji sti\u017eu uskoro.<\/strong><\/p>\n\n\n\n<p>Datum: \u010cetvrtak 16. april 2026. godine<\/p>\n\n\n\n<p>Gde&nbsp;? Evropska Kuca, <a href=\"https:\/\/maps.app.goo.gl\/dteGj5AQnogsZdQF9\">ugao Knez Mihailove i Zmaj Jovine<\/a>, Beograd<\/p>\n\n\n\n<p>Radite u lokalnoj samoupravi i \u017eelite da prisustvujete seminaru ? Potrebno je da se registrujete tako \u0161to \u0107ete poslati poruku na mejl adresu&nbsp;:&nbsp;&nbsp;<a href=\"mailto:cooperation.belgrade-amba@diplomatie.gouv.fr\">cooperation.belgrade-amba@diplomatie.gouv.fr<\/a><\/p>\n\n\n\n<p>Srbija je usvojila Strategiju upravljanja vodama za period do 2034. godine kojim se postavljaju temelji&nbsp; integrisanog sistema upravljanja vodama, u skladu sa na\u010delima za\u0161tite \u017eivotne sredine i odr\u017eivog razvoja. Akcioni plan za sprovo\u0111enje Strategije za periodu 2021-2023. detaljnije razra\u0111uje impelmentaciju Strategije u kratkro\u010dnom periodu. Pored ovoga, za razvoj hidrotehni\u010dke infrastrukture u urbanim naseljima va\u017ena je i Strategija odr\u017eivog urbanog razvoja Republike Srbije do 2030. godine koja je strete\u0161ki dokument na nivou dr\u017eave, a trenutno su u izradi lokalni planovi odr\u017eivog razvoja u nizu lokalnih samouoprava.<\/p>\n\n\n\n<p>Strategijskim dokumentima se se isti\u010de da je hidrotehni\u010dka infrastruktura nedovoljna ili u lo\u0161em stanju, \u0161to dovodi do gubitaka vode u sistemu javnog snabdevanja, nedovoljnog nivoa za\u0161tite od poplava, smanjenog kapaciteta kanala za navodnjavanje, zaga\u0111enja vodotoka nepre\u010di\u0161\u0107anim otpadnim vodama i neujedna\u010denog kvaliteta pija\u0107e vode. Tako\u0111e se ukazuje na pote\u0161ko\u0107e koje treba prevazi\u0107i u pogledu upravljanja: neodr\u017eiv ekonomski model (gra\u0111ani pla\u0107aju polovinu ekonomske cene vode i prate\u0107ih usluga), institucionalna podeljenost i preklapanje nadle\u017enosti i potreba za sistematskim ja\u010danjem kadrovskih, tehni\u010dkih i finansijskih kapaciteta \u010dinioca vodne delatnosti. Svesni svih ovih izazova, projekat Ekoop\u0161tina promovi\u0161e saradnju i razmenju iskustava u oblasti upravljanja vodama izme\u0111u Srbije i Francuske. &nbsp;<\/p>\n\n\n\n<p>U perspektivi pristupanja Evropskoj uniji, Srbija ima ambiciju da se uskladi sa evropskim standardima. U pogledu upravljanja vodama na lokalnom nivou, ovo uklju\u010duje razvoj komunalne infrastrukture, pove\u0107anje nivoa za\u0161tite od poplava, &nbsp;izgradnju postrojenja za pre\u010di\u0161\u0107avanje otpadnih voda, ure\u0111enje vodotoka i priobalja na ekolo\u0161ki prihvatljiv i odr\u017eiv na\u010din i niz drugih mera. Upravljanje vodama treba da obezbedi osnove za odr\u017eivi urbani razvoj, ali i da doprinese kvalitetu \u017eivota stanovni\u0161tva i unapre\u0111enju stanja \u017eivotne sredine u urbanim podru\u010djima. <\/p>\n\n\n\n<p><\/p>\n\n\n\n<div data-wp-interactive=\"core\/file\" class=\"wp-block-file\"><object data-wp-bind--hidden=\"!state.hasPdfPreview\" hidden class=\"wp-block-file__embed\" data=\"https:\/\/ekoopstina.com\/sr\/wp-content\/uploads\/2025\/04\/Program-seminara-Odrzivo-upravljanje-vodama-14.04.2025-Evropska-kuca.pdf\" type=\"application\/pdf\" style=\"width:100%;height:600px\" aria-label=\"Embed of Program seminara Odrzivo upravljanje vodama 14.04.2025 Evropska kuca.\"><\/object><a id=\"wp-block-file--media-d7c97661-956e-4445-a0c5-57bdbe56531b\" href=\"https:\/\/ekoopstina.com\/sr\/wp-content\/uploads\/2025\/04\/Program-seminara-Odrzivo-upravljanje-vodama-14.04.2025-Evropska-kuca.pdf\">Program seminara Odrzivo upravljanje vodama 14.04.2025 Evropska kuca<\/a><a href=\"https:\/\/ekoopstina.com\/sr\/wp-content\/uploads\/2025\/04\/Program-seminara-Odrzivo-upravljanje-vodama-14.04.2025-Evropska-kuca.pdf\" class=\"wp-block-file__button wp-element-button\" download aria-describedby=\"wp-block-file--media-d7c97661-956e-4445-a0c5-57bdbe56531b\">Download<\/a><\/div>\n\n\n\n<p><\/p>\n","protected":false},"excerpt":{"rendered":"<p>Radimo na pripremi programa za 2026. Detalji sti\u017eu uskoro. Datum: \u010cetvrtak 16. april 2026. godine Gde&nbsp;? Evropska Kuca, ugao Knez Mihailove i Zmaj Jovine, Beograd Radite u lokalnoj samoupravi i&hellip;<\/p>\n","protected":false},"author":1,"featured_media":0,"parent":0,"menu_order":0,"comment_status":"closed","ping_status":"closed","template":"","meta":{"footnotes":""},"class_list":["post-19217","page","type-page","status-publish","hentry"],"_links":{"self":[{"href":"https:\/\/ekoopstina.com\/sr\/wp-json\/wp\/v2\/pages\/19217","targetHints":{"allow":["GET"]}}],"collection":[{"href":"https:\/\/ekoopstina.com\/sr\/wp-json\/wp\/v2\/pages"}],"about":[{"href":"https:\/\/ekoopstina.com\/sr\/wp-json\/wp\/v2\/types\/page"}],"author":[{"embeddable":true,"href":"https:\/\/ekoopstina.com\/sr\/wp-json\/wp\/v2\/users\/1"}],"replies":[{"embeddable":true,"href":"https:\/\/ekoopstina.com\/sr\/wp-json\/wp\/v2\/comments?post=19217"}],"version-history":[{"count":10,"href":"https:\/\/ekoopstina.com\/sr\/wp-json\/wp\/v2\/pages\/19217\/revisions"}],"predecessor-version":[{"id":20071,"href":"https:\/\/ekoopstina.com\/sr\/wp-json\/wp\/v2\/pages\/19217\/revisions\/20071"}],"wp:attachment":[{"href":"https:\/\/ekoopstina.com\/sr\/wp-json\/wp\/v2\/media?parent=19217"}],"curies":[{"name":"wp","href":"https:\/\/api.w.org\/{rel}","templated":true}]}}