{"id":19220,"date":"2022-05-04T11:16:43","date_gmt":"2022-05-04T11:16:43","guid":{"rendered":"https:\/\/ekoopstina.com\/sr\/?page_id=19220"},"modified":"2026-03-27T09:49:55","modified_gmt":"2026-03-27T09:49:55","slug":"seminaire-vers-une-amelioration-de-lefficacite-energetique-des-batiments-publics","status":"publish","type":"page","link":"https:\/\/ekoopstina.com\/sr\/seminaire-vers-une-amelioration-de-lefficacite-energetique-des-batiments-publics\/","title":{"rendered":"Seminar: \u201dEnergetska efikasnost \u00a0\u201d"},"content":{"rendered":"\n<p><strong>Radimo na pripremi programa za 2026. Detalji sti\u017eu uskoro.<\/strong><\/p>\n\n\n\n<p>Datum: <strong>4. juna 2026.<\/strong><\/p>\n\n\n\n<p>Gde ? <strong>Evropska Kuca, <a href=\"https:\/\/maps.app.goo.gl\/dteGj5AQnogsZdQF9\">ugao Knez Mihailove i Zmaj Jovine<\/a>, Beograd<\/strong><\/p>\n\n\n\n<p>Radite u lokalnoj samoupravi i \u017eelite da prisustvujete seminaru ? Potrebno je da se registrujete tako \u0161to \u0107ete poslati poruku na mejl adresu&nbsp;:&nbsp; <a href=\"mailto:cooperation.belgrade-amba@diplomatie.gouv.fr\">cooperation.belgrade-amba@diplomatie.gouv.fr<\/a><\/p>\n\n\n\n<p>Ministarstvo rudarstva i energetike i Ministarstvo gra\u0111evinarstva, saobrac\u0301aja i infrastrukture su nadle\u017ena za ovaj sektor. Energetska efikasnost u javnim zgradama u Srbiji je na niskom nivou. Za grejanje se tro\u0161i&nbsp; 40% vi\u0161e energije u odnosu na prosek u evropskim zemljama. Iako je tokom 2010-tih u\u010dinjen mali napredak, stanje zgrada se \u010desto pogor\u0161avalo a zabele\u017eeni su i rekordni nivoi zaga\u0111enja vazduha (4. najzaga\u0111enija zemlja u Evropi &#8211; posle Crne Gore, Jermenije i Bosne i Hercegovine) \u0161to je ukazalo na problem izolacije zgrada kao i zastarelog sistema grejanja i klimatizacije.&nbsp;<\/p>\n\n\n\n<p>Treba da se renoviraju i privatne (stambene i poslovne) i javne zgrade kako bi se smanjile emisije CO2 budu\u0107i da su one glavni izvor emisija (na Zapadnom Balkanu). Op\u0161tine su na \u010delu ovog nacionalnog napora. Na primer, Ministarstvo za\u0161tite \u017eivotne sredine je 2021. godine objavilo javni poziv za dostavljanje projekata za finansiranje pobolj\u0161anja energetske efikasnosti i na osnovu grada koje su srpske op\u0161tine predlo\u017eile. Usluge upravljanja energijom imaju klju\u010dnu ulogu u poznavanju javnih zgrada i njihovih potreba, kao i u razvoju lokalnih strategija.<\/p>\n\n\n\n<p><\/p>\n\n\n\n<p>Pridru\u017eite nam se 4. juna u Evropskoj Kuci, <a href=\"https:\/\/maps.app.goo.gl\/dteGj5AQnogsZdQF9\">ugao Knez Mihailove i Zmaj Jovine<\/a>, Beograd, za razgovore sa na\u0161im stru\u010dnjacima!<\/p>\n\n\n\n<div data-wp-interactive=\"core\/file\" class=\"wp-block-file\"><object data-wp-bind--hidden=\"!state.hasPdfPreview\" hidden class=\"wp-block-file__embed\" data=\"https:\/\/ekoopstina.com\/sr\/wp-content\/uploads\/2025\/04\/Program-seminara-Ekoopstina-Energetska-efikasnost-21.05.2025-Evropska-kuca.pdf\" type=\"application\/pdf\" style=\"width:100%;height:600px\" aria-label=\"Embed of Program seminara Ekoopstina-Energetska efikasnost, 21.05.2025, Evropska kuca.\"><\/object><a id=\"wp-block-file--media-8a9c11de-b4bb-4f56-9207-0c42df03e2ef\" href=\"https:\/\/ekoopstina.com\/sr\/wp-content\/uploads\/2025\/04\/Program-seminara-Ekoopstina-Energetska-efikasnost-21.05.2025-Evropska-kuca.pdf\">Program seminara Ekoopstina-Energetska efikasnost, 21.05.2025, Evropska kuca<\/a><a href=\"https:\/\/ekoopstina.com\/sr\/wp-content\/uploads\/2025\/04\/Program-seminara-Ekoopstina-Energetska-efikasnost-21.05.2025-Evropska-kuca.pdf\" class=\"wp-block-file__button wp-element-button\" download aria-describedby=\"wp-block-file--media-8a9c11de-b4bb-4f56-9207-0c42df03e2ef\">Download<\/a><\/div>\n\n\n\n<p><\/p>\n","protected":false},"excerpt":{"rendered":"<p>Radimo na pripremi programa za 2026. Detalji sti\u017eu uskoro. Datum: 4. juna 2026. Gde ? Evropska Kuca, ugao Knez Mihailove i Zmaj Jovine, Beograd Radite u lokalnoj samoupravi i \u017eelite&hellip;<\/p>\n","protected":false},"author":1,"featured_media":0,"parent":0,"menu_order":0,"comment_status":"closed","ping_status":"closed","template":"","meta":{"footnotes":""},"class_list":["post-19220","page","type-page","status-publish","hentry"],"_links":{"self":[{"href":"https:\/\/ekoopstina.com\/sr\/wp-json\/wp\/v2\/pages\/19220","targetHints":{"allow":["GET"]}}],"collection":[{"href":"https:\/\/ekoopstina.com\/sr\/wp-json\/wp\/v2\/pages"}],"about":[{"href":"https:\/\/ekoopstina.com\/sr\/wp-json\/wp\/v2\/types\/page"}],"author":[{"embeddable":true,"href":"https:\/\/ekoopstina.com\/sr\/wp-json\/wp\/v2\/users\/1"}],"replies":[{"embeddable":true,"href":"https:\/\/ekoopstina.com\/sr\/wp-json\/wp\/v2\/comments?post=19220"}],"version-history":[{"count":15,"href":"https:\/\/ekoopstina.com\/sr\/wp-json\/wp\/v2\/pages\/19220\/revisions"}],"predecessor-version":[{"id":20082,"href":"https:\/\/ekoopstina.com\/sr\/wp-json\/wp\/v2\/pages\/19220\/revisions\/20082"}],"wp:attachment":[{"href":"https:\/\/ekoopstina.com\/sr\/wp-json\/wp\/v2\/media?parent=19220"}],"curies":[{"name":"wp","href":"https:\/\/api.w.org\/{rel}","templated":true}]}}