{"id":19223,"date":"2022-05-04T11:17:29","date_gmt":"2022-05-04T11:17:29","guid":{"rendered":"https:\/\/ekoopstina.com\/sr\/?page_id=19223"},"modified":"2026-03-27T09:48:46","modified_gmt":"2026-03-27T09:48:46","slug":"seminaire-villes-connectees-et-developpement-durable-leclairage-intelligent","status":"publish","type":"page","link":"https:\/\/ekoopstina.com\/sr\/seminaire-villes-connectees-et-developpement-durable-leclairage-intelligent\/","title":{"rendered":"Seminar: \u201eOdr\u017eiva mobilnost\u00a0\u201c"},"content":{"rendered":"\n<p><strong>Radimo na pripremi programa za 2026. Detalji sti\u017eu uskoro.<\/strong><\/p>\n\n\n\n<p><strong>Datum:<\/strong> 20. maj 2026.<\/p>\n\n\n\n<p><strong>Gde? <\/strong>Evropska Kuca, <a href=\"https:\/\/maps.app.goo.gl\/dteGj5AQnogsZdQF9\">ugao Knez Mihailove i Zmaj Jovine<\/a>, Beograd<\/p>\n\n\n\n<p>Da li ste lokalni izabrani zvani\u010dnik, teritorijalni slu\u017ebenik ili radite za op\u0161tinsko preduze\u0107e i \u017eelite da se registrujete? Po\u0161aljite poruku na mejl adresu&nbsp;:&nbsp; <a href=\"mailto:cooperation.belgrade-amba@diplomatie.gouv.fr\">cooperation.belgrade-amba@diplomatie.gouv.fr<\/a><\/p>\n\n\n\n<p>Koncept \u201eodr\u017eive mobilnosti\u201c je \u0161irok pojam koji uklju\u010duje elemente tehnologije koji idu u pravcu unapre\u0111enja usluga koje se pru\u017eaju gra\u0111anima u logici odr\u017eivog razvoja: odr\u017eiva mobilnost, kori\u0161c\u0301enje obnovljivih izvora energije, inteligentno osvetljenje, merenje zaga\u0111enosti vazduha, dostupnost internetu itd.<\/p>\n\n\n\n<p>Pridru\u017eite nam se 20. maja 2026. u Evropskoj Kuci, <a href=\"https:\/\/maps.app.goo.gl\/dteGj5AQnogsZdQF9\">ugao Knez Mihailove i Zmaj Jovine<\/a>, Beograd, da razgovaramo sa na\u0161im stru\u010dnjacima!<\/p>\n\n\n\n<div data-wp-interactive=\"core\/file\" class=\"wp-block-file\"><object data-wp-bind--hidden=\"!state.hasPdfPreview\" hidden class=\"wp-block-file__embed\" data=\"https:\/\/ekoopstina.com\/sr\/wp-content\/uploads\/2025\/05\/Program-seminara-Ekoopstina-Odrziva-urbana-mobilnost-13.05.2025-Hotel-Radisson-Collection.pdf\" type=\"application\/pdf\" style=\"width:100%;height:600px\" aria-label=\"Embed of Program seminara Ekoopstina-Odrziva urbana mobilnost, 13.05.2025, Hotel Radisson Collection.\"><\/object><a id=\"wp-block-file--media-5318817f-7ea1-4672-9868-44d3e63768d3\" href=\"https:\/\/ekoopstina.com\/sr\/wp-content\/uploads\/2025\/05\/Program-seminara-Ekoopstina-Odrziva-urbana-mobilnost-13.05.2025-Hotel-Radisson-Collection.pdf\">Program seminara Ekoopstina-Odrziva urbana mobilnost, 13.05.2025, Hotel Radisson Collection<\/a><a href=\"https:\/\/ekoopstina.com\/sr\/wp-content\/uploads\/2025\/05\/Program-seminara-Ekoopstina-Odrziva-urbana-mobilnost-13.05.2025-Hotel-Radisson-Collection.pdf\" class=\"wp-block-file__button wp-element-button\" download aria-describedby=\"wp-block-file--media-5318817f-7ea1-4672-9868-44d3e63768d3\">Download<\/a><\/div>\n","protected":false},"excerpt":{"rendered":"<p>Radimo na pripremi programa za 2026. Detalji sti\u017eu uskoro. Datum: 20. maj 2026. Gde? Evropska Kuca, ugao Knez Mihailove i Zmaj Jovine, Beograd Da li ste lokalni izabrani zvani\u010dnik, teritorijalni&hellip;<\/p>\n","protected":false},"author":1,"featured_media":0,"parent":0,"menu_order":0,"comment_status":"closed","ping_status":"closed","template":"","meta":{"footnotes":""},"class_list":["post-19223","page","type-page","status-publish","hentry"],"_links":{"self":[{"href":"https:\/\/ekoopstina.com\/sr\/wp-json\/wp\/v2\/pages\/19223","targetHints":{"allow":["GET"]}}],"collection":[{"href":"https:\/\/ekoopstina.com\/sr\/wp-json\/wp\/v2\/pages"}],"about":[{"href":"https:\/\/ekoopstina.com\/sr\/wp-json\/wp\/v2\/types\/page"}],"author":[{"embeddable":true,"href":"https:\/\/ekoopstina.com\/sr\/wp-json\/wp\/v2\/users\/1"}],"replies":[{"embeddable":true,"href":"https:\/\/ekoopstina.com\/sr\/wp-json\/wp\/v2\/comments?post=19223"}],"version-history":[{"count":12,"href":"https:\/\/ekoopstina.com\/sr\/wp-json\/wp\/v2\/pages\/19223\/revisions"}],"predecessor-version":[{"id":20079,"href":"https:\/\/ekoopstina.com\/sr\/wp-json\/wp\/v2\/pages\/19223\/revisions\/20079"}],"wp:attachment":[{"href":"https:\/\/ekoopstina.com\/sr\/wp-json\/wp\/v2\/media?parent=19223"}],"curies":[{"name":"wp","href":"https:\/\/api.w.org\/{rel}","templated":true}]}}