{"id":19252,"date":"2022-05-04T12:27:16","date_gmt":"2022-05-04T12:27:16","guid":{"rendered":"https:\/\/ekoopstina.com\/sr\/?page_id=19252"},"modified":"2025-02-12T10:24:20","modified_gmt":"2025-02-12T10:24:20","slug":"jury-dechets","status":"publish","type":"page","link":"https:\/\/ekoopstina.com\/sr\/jury-dechets\/","title":{"rendered":"\u017diri &#8211; Upravljanja otpadom"},"content":{"rendered":"\n<p><\/p>\n\n\n\n<figure class=\"wp-block-image size-full is-resized\"><img loading=\"lazy\" decoding=\"async\" width=\"480\" height=\"640\" src=\"https:\/\/ekoopstina.com\/sr\/wp-content\/uploads\/2022\/05\/Marina-Nenkovic-Riznic.jpg\" alt=\"\" class=\"wp-image-19253\" style=\"aspect-ratio:0.7493403693931399;width:232px;height:auto\" srcset=\"https:\/\/ekoopstina.com\/sr\/wp-content\/uploads\/2022\/05\/Marina-Nenkovic-Riznic.jpg 480w, https:\/\/ekoopstina.com\/sr\/wp-content\/uploads\/2022\/05\/Marina-Nenkovic-Riznic-225x300.jpg 225w, https:\/\/ekoopstina.com\/sr\/wp-content\/uploads\/2022\/05\/Marina-Nenkovic-Riznic-370x493.jpg 370w, https:\/\/ekoopstina.com\/sr\/wp-content\/uploads\/2022\/05\/Marina-Nenkovic-Riznic-410x547.jpg 410w\" sizes=\"auto, (max-width: 600px) 100vw, 480px\" \/><\/figure>\n\n\n\n<p><strong>Moderatorka i \u010dlanica \u017eirija \u2013 Dr. Marina Nenkovi\u0107-Rizni\u0107 \u2013 Institut za arhitekturu i urbanizam Srbije<\/strong><\/p>\n\n\n\n<p>Marina je nau\u010dni savetnik Instituta za arhitekturu i urbanizam Srbije. U Institutu radi od 2002. godine, a doktorirala je urbanizam i arhitekturu na Arhitektonskom fakultetu Univerziteta u Beogradu 2011. godine. Svojom stru\u010dno\u0161\u0107u je doprinela brojnim me\u0111unarodnim projektima, od kojih je poslednji za Svetsku banku (\u201eGreen, Livable, and Resilient Cities, Serbia\u201c 2021), Evropsku uniju i EBRD (INTERREG-Dunav-projekti), Francusku razvojnu agenciju (Program Gradovi i klimatske promene, 2021-2022). Tako\u0111e je u\u010destvovala izradi Novog prostornog plana Republike Srbije 2021-2035 Ministarstva gra\u0111evinarstva, saobra\u0107aja i infrastrukture u slede\u0107im oblastima : uticaj prostornog planiranja na klimatske promene, prilagodljivost i ekolo\u0161ki i prostorni aspekti kori\u0161\u0107enja obnovljivih izvora energije, kao i u mnogim planskim dokumentima na teritoriji Republike Srbije. Tako\u0111e je \u010dlan Udru\u017eenja urbanista Srbije i Dru\u0161tva urbanista Beograda i gostuju\u0107i predava\u010d na Arhitektonskom fakultetu (Upravljanje otpadom u zgradama, ekolo\u0161ki urbanizam). Objavila je preko 200 radova u me\u0111unarodnim i doma\u0107im \u010dasopisima i na me\u0111unarodnim i doma\u0107im kongresima. Autor je 10 tehni\u010dkih re\u0161enja u oblasti prostornog i urbanisti\u010dkog planiranja i za\u0161tite \u017eivotne sredine.<\/p>\n\n\n\n<p><\/p>\n\n\n\n<figure class=\"wp-block-image size-full is-resized\"><img loading=\"lazy\" decoding=\"async\" width=\"482\" height=\"450\" src=\"https:\/\/ekoopstina.com\/sr\/wp-content\/uploads\/2022\/05\/Marina-Ilic.png\" alt=\"\" class=\"wp-image-19254\" style=\"aspect-ratio:1.071917808219178;width:268px;height:auto\" srcset=\"https:\/\/ekoopstina.com\/sr\/wp-content\/uploads\/2022\/05\/Marina-Ilic.png 482w, https:\/\/ekoopstina.com\/sr\/wp-content\/uploads\/2022\/05\/Marina-Ilic-300x280.png 300w, https:\/\/ekoopstina.com\/sr\/wp-content\/uploads\/2022\/05\/Marina-Ilic-370x345.png 370w, https:\/\/ekoopstina.com\/sr\/wp-content\/uploads\/2022\/05\/Marina-Ilic-410x383.png 410w\" sizes=\"auto, (max-width: 600px) 100vw, 482px\" \/><\/figure>\n\n\n\n<p><\/p>\n\n\n\n<p><strong><strong>Predsednica \u017eirija &#8211; Marina Ilic\u0301 &#8211; Fakultet za ekologiju Univerziteta Union &#8211; Nikola Tesla<\/strong><\/strong><\/p>\n\n\n\n<p><strong>Marina Ili\u0107 <\/strong>je redovni profesor Fakulteta za ekologiju i za\u0161titu \u017eivotne sredine u Beogradu. Autor je nekoliko knjiga u oblasti upravljanja otpadom. Objavila je oko 200 nau\u010dnih radova u \u010dasopisima i na me\u0111unarodnim i doma\u0107im skupovima. Rukovodila je izradom vi\u0161e nacionalnih strate\u0161kih dokumenata, kao i regionalnih i lokalnih planova upravljanja otpadom. Tako\u0111e je radila na pripremi propisa u oblasti za\u0161tite \u017eivotne sredine i upravljanja otpadom. Poseduje veliko konsultantsko iskustvo na projektima koje finansiraju EU, Svetska banka, UNDP i dr. u oblasti upravljanja otpadom i u pripremi infrastrukturnih projekata.&nbsp;<\/p>\n\n\n\n<figure class=\"wp-block-image size-large is-resized\"><img loading=\"lazy\" decoding=\"async\" width=\"806\" height=\"1024\" src=\"https:\/\/ekoopstina.com\/sr\/wp-content\/uploads\/2022\/05\/Slobodan-Krstovic-806x1024.jpg\" alt=\"\" class=\"wp-image-19255\" style=\"aspect-ratio:0.7874015748031497;width:260px;height:auto\" srcset=\"https:\/\/ekoopstina.com\/sr\/wp-content\/uploads\/2022\/05\/Slobodan-Krstovic-806x1024.jpg 806w, https:\/\/ekoopstina.com\/sr\/wp-content\/uploads\/2022\/05\/Slobodan-Krstovic-236x300.jpg 236w, https:\/\/ekoopstina.com\/sr\/wp-content\/uploads\/2022\/05\/Slobodan-Krstovic-768x976.jpg 768w, https:\/\/ekoopstina.com\/sr\/wp-content\/uploads\/2022\/05\/Slobodan-Krstovic-1209x1536.jpg 1209w, https:\/\/ekoopstina.com\/sr\/wp-content\/uploads\/2022\/05\/Slobodan-Krstovic-1612x2048.jpg 1612w, https:\/\/ekoopstina.com\/sr\/wp-content\/uploads\/2022\/05\/Slobodan-Krstovic-370x470.jpg 370w, https:\/\/ekoopstina.com\/sr\/wp-content\/uploads\/2022\/05\/Slobodan-Krstovic-840x1067.jpg 840w, https:\/\/ekoopstina.com\/sr\/wp-content\/uploads\/2022\/05\/Slobodan-Krstovic-410x521.jpg 410w, https:\/\/ekoopstina.com\/sr\/wp-content\/uploads\/2022\/05\/Slobodan-Krstovic-scaled.jpg 2015w\" sizes=\"auto, (max-width: 806px) 100vw, 806px\" \/><\/figure>\n\n\n\n<p><strong>Slobodan Krstovic \u2013 NALED <\/strong><\/p>\n\n\n\n<p>Slobodan je diplomirao na Ekonomskom fakultetu u Beogradu, smer finansije, bankarstvo i osiguranje. Na Pravnom fakultetu Univerziteta u Beogradu 2021. godine je stekao Master, uspe\u0161no odbraniv\u0161i rad na temu \u201eDozvoljeni oblici dr\u017eavne pomo\u0107i u pravu konkurencije Srbije i EU\u201c. \u010clan je tima NALED-a od 2010. godine, na pozicijama menad\u017eera projekta, ekonomskog analiti\u010dara i trenutno&nbsp;Direktora za odr\u017eivi razvoj. Koordinirao je i u\u010destvovao u realizaciji brojnih projekata koji se odnose na javne finansije, fiskalnu politiku, za\u0161titu \u017eivotne sredine i uop\u0161teno javnu politiku na lokalnom i nacionalnom nivou. Kao \u010dlan tima za politiku NALED-a, bio je koautor i partner u izradi niza studija i analiza vezanih za reformu politike i procenu poslovnog okru\u017eenja, kao \u0161to su Siva knjiga, Regulatorni indeks Srbije, Kvartalni izve\u0161taj o statusu regulatorne reforme itd.&nbsp;<br><\/p>\n\n\n\n<figure class=\"wp-block-image size-full is-resized\"><img loading=\"lazy\" decoding=\"async\" width=\"2560\" height=\"1815\" src=\"https:\/\/ekoopstina.com\/sr\/wp-content\/uploads\/2025\/02\/Jana-scaled.jpg\" alt=\"\" class=\"wp-image-19897\" style=\"width:295px;height:196px\" srcset=\"https:\/\/ekoopstina.com\/sr\/wp-content\/uploads\/2025\/02\/Jana-scaled.jpg 2560w, https:\/\/ekoopstina.com\/sr\/wp-content\/uploads\/2025\/02\/Jana-300x213.jpg 300w, https:\/\/ekoopstina.com\/sr\/wp-content\/uploads\/2025\/02\/Jana-1024x726.jpg 1024w, https:\/\/ekoopstina.com\/sr\/wp-content\/uploads\/2025\/02\/Jana-768x544.jpg 768w, https:\/\/ekoopstina.com\/sr\/wp-content\/uploads\/2025\/02\/Jana-1536x1089.jpg 1536w, https:\/\/ekoopstina.com\/sr\/wp-content\/uploads\/2025\/02\/Jana-2048x1452.jpg 2048w, https:\/\/ekoopstina.com\/sr\/wp-content\/uploads\/2025\/02\/Jana-370x262.jpg 370w, https:\/\/ekoopstina.com\/sr\/wp-content\/uploads\/2025\/02\/Jana-840x595.jpg 840w, https:\/\/ekoopstina.com\/sr\/wp-content\/uploads\/2025\/02\/Jana-410x291.jpg 410w\" sizes=\"auto, (max-width: 2560px) 100vw, 2560px\" \/><\/figure>\n\n\n\n<p><strong>Jana Pavlovic \u2013 SKGO<\/strong><\/p>\n\n\n\n<p>Jana Pavlovi\u0107, diplomirani sociolog, zaposlena u Stalnoj konferenciji gradova i op\u0161tina u svojstvu savetnice za \u017eivotnu sredinu i klimatske promene. Vi\u0161e od 15 godina je uklju\u010dena u rad i pru\u017eanje podr\u0161ke lokalnim samoupravama u Srbiji u razli\u010ditim oblastima, a poslednjih 8 godina se bavi za\u0161titom \u017eivotne sredine na lokalnom nivou, sa posebnim fokusom na u\u010de\u0161\u0107e gra\u0111ana, cirkularnu ekonomiju, upravljanje otpadom i primarnu selekciju otpada.<\/p>\n","protected":false},"excerpt":{"rendered":"<p>Moderatorka i \u010dlanica \u017eirija \u2013 Dr. Marina Nenkovi\u0107-Rizni\u0107 \u2013 Institut za arhitekturu i urbanizam Srbije Marina je nau\u010dni savetnik Instituta za arhitekturu i urbanizam Srbije. U Institutu radi od 2002.&hellip;<\/p>\n","protected":false},"author":1,"featured_media":0,"parent":0,"menu_order":0,"comment_status":"closed","ping_status":"closed","template":"","meta":{"footnotes":""},"class_list":["post-19252","page","type-page","status-publish","hentry"],"_links":{"self":[{"href":"https:\/\/ekoopstina.com\/sr\/wp-json\/wp\/v2\/pages\/19252","targetHints":{"allow":["GET"]}}],"collection":[{"href":"https:\/\/ekoopstina.com\/sr\/wp-json\/wp\/v2\/pages"}],"about":[{"href":"https:\/\/ekoopstina.com\/sr\/wp-json\/wp\/v2\/types\/page"}],"author":[{"embeddable":true,"href":"https:\/\/ekoopstina.com\/sr\/wp-json\/wp\/v2\/users\/1"}],"replies":[{"embeddable":true,"href":"https:\/\/ekoopstina.com\/sr\/wp-json\/wp\/v2\/comments?post=19252"}],"version-history":[{"count":7,"href":"https:\/\/ekoopstina.com\/sr\/wp-json\/wp\/v2\/pages\/19252\/revisions"}],"predecessor-version":[{"id":19898,"href":"https:\/\/ekoopstina.com\/sr\/wp-json\/wp\/v2\/pages\/19252\/revisions\/19898"}],"wp:attachment":[{"href":"https:\/\/ekoopstina.com\/sr\/wp-json\/wp\/v2\/media?parent=19252"}],"curies":[{"name":"wp","href":"https:\/\/api.w.org\/{rel}","templated":true}]}}