{"id":19259,"date":"2022-05-04T12:31:28","date_gmt":"2022-05-04T12:31:28","guid":{"rendered":"https:\/\/ekoopstina.com\/sr\/?page_id=19259"},"modified":"2025-02-12T09:35:42","modified_gmt":"2025-02-12T09:35:42","slug":"jury-eau","status":"publish","type":"page","link":"https:\/\/ekoopstina.com\/sr\/jury-eau\/","title":{"rendered":"\u017diri &#8211; Upravljanja vodom"},"content":{"rendered":"\n<figure class=\"wp-block-image size-full\"><img loading=\"lazy\" decoding=\"async\" width=\"150\" height=\"179\" src=\"https:\/\/ekoopstina.com\/sr\/wp-content\/uploads\/2022\/05\/Aleksandar-Djukic.png\" alt=\"\" class=\"wp-image-19260\"\/><\/figure>\n\n\n\n<p><\/p>\n\n\n\n<p><strong><strong>Predsednik \u017eirija \u2013 Aleksandar \u0110uki\u0107 \u2013 Gra\u0111evinski fakultet&nbsp;<\/strong><\/strong><\/p>\n\n\n\n<p>Ro\u0111en je 1965. godine u Beogradu, gde je zavr\u0161io osnovnu i srednju \u0161kolu. Diplomirao je na Gra\u0111evinskom fakultetu Univerziteta u Beogradu 1990. godine na odseku za hidrotehniku. Od 1991. do 1993. radi u Institutu za vodoprivredu \u201eJaroslav \u010cerni\u201c u zvanju istra\u017eiva\u010da. 1993. prelazi na Gra\u0111evinski fakultet u Beogradu gde radi u zvanju asistenta pripravnika, a nakon odbrane magistarske teze 1997. godine, radi kao asistent na predmetima Komunalna hidrotehnika 1 i 2 i Ekolo\u0161ki in\u017eenjering. Od 2000. do 2004. godine dodatno je anga\u017eovan kao stru\u010dnjak Ujednjenih Nacija na projektu sanacije ekolo\u0161ke \u0161tete od bombardovanja 1999. godine. 2013. godine prelazi u Institut za vodoprivredu \u201eJaroslav \u010cerni\u201c na mesto \u0161efa grupe za vodosnabdevanje. 2016. godine odbranio je doktorsku disertaciju na temu modeliranja emisije zaga\u0111enja ki\u0161nog oticaja sa urbanih slivova, za koju je dobio nagradu Privredne komore grada Beograda za najbolju doktorsku disertaciju, nakon \u010dega je izabran za docenta na Gra\u0111evinskom fakultetu Univerziteta u Beogradu. Od 2018. godine obavlja i du\u017enost prodekana Gra\u0111evinskog fakulteta za materijalno-finansijsko poslovanje. Od 2019. godine je direktor centra druge kategorije pod pookroviteljstvom Uneska IRTCUD (International Research and Training Centre on Urban Drainage) koji radi pri Gra\u0111evinskom fakultetu u Beogradu.<\/p>\n\n\n\n<p>Njegov nau\u010dno-istra\u017eiva\u010dki, stru\u010dni i pedago\u0161ki rad je usmeren na snabdevanje vodom, kanalisanje, pripremu vode za pic\u0301e, pre\u010di\u0161c\u0301avanje otpadnih voda i upravljanje vodama. Objavio je vi\u0161e od 70 nau\u010dnih i stru\u010dnih radova u domac\u0301im i stranim \u010dasopisima ili u zbornicima domac\u0301ih i me\u0111unarodnih konferencija. Autor je dva univerzitetska ud\u017ebenika i vi\u0161e poglavlja u domac\u0301im i stranim monografijama. Radio je na izradi Vodoprivredne osnove Srbije (usvojena 2002.), Strategije urbanog razvoja Rebublike Srbije (2018) i Prostornog plana Republke Srbije od 2021. do 2035. godine. Bio je rukovodilac, odgovorni projektant ili projektant velikog broja stru\u010dnih studija i projekata u Srbiji, regionu i na Bliskom istoku. \u010clan je In\u017eenjerske komore Srbije, dugogodi\u0161nji je sekretar Srpskog dru\u0161tva za za\u0161titu voda i aktivno je u\u010destvovao u organizaciji brojnih konferencija i seminara u Srbiji i regionu.<\/p>\n\n\n\n<p><\/p>\n\n\n\n<figure class=\"wp-block-image size-full\"><img loading=\"lazy\" decoding=\"async\" width=\"162\" height=\"216\" src=\"https:\/\/ekoopstina.com\/sr\/wp-content\/uploads\/2022\/05\/Dusan-Djuric.jpg\" alt=\"\" class=\"wp-image-19261\"\/><\/figure>\n\n\n\n<p><strong><strong>Du\u0161an \u0110uri\u0107 \u2013<\/strong> <strong>Institut za vodoprivredu \u201eJaroslav \u010cerni\u201c<\/strong><\/strong><\/p>\n\n\n\n<p>Du\u0161an je trenutno izvr\u0161ni direktor, odgovoran je za poslove vodosnabdevanja, otpadnih voda i za\u0161tite voda i koordinaciju sa javnim preduzec\u0301ima u Institutu Jaroslav \u010cerni. Gospodin Duric\u0301 je specijalizovan za projekte koji se odnose na vodosnabdevanje, procenu resursa podzemnih voda, za\u0161titu podzemnih voda i procenu uticaja na \u017eivotnu sredinu. U\u010destvovao je u projektima i studijama u vezi sa snabdevanjem op\u0161tina i regionalna pijac\u0301om vodom, projektovanjem izvori\u0161ta podzemnih voda (op\u0161tinskih i regionalnih) i uspostavljanjem zona sanitarne za\u0161tite. Odli\u010dno poznaje zakonodavstvo EU u oblasti voda, \u017eivotne sredine i klimatskih promena, posebno podsektor \u201eVode\u201c. Gospodin Duric\u0301 predstavlja Srbiju u nekoliko me\u0111unarodnih foruma i bilateralnih komisija. U okviru Me\u0111unarodne komisije za za\u0161titu Dunava (ICPDR), 2006. godine imenovan je za \u010dlana ekspertske grupe za procenu i monitoring i radne grupe za podzemne vode.<\/p>\n\n\n\n<figure class=\"wp-block-image size-large is-resized\"><img loading=\"lazy\" decoding=\"async\" width=\"806\" height=\"1024\" src=\"https:\/\/ekoopstina.com\/sr\/wp-content\/uploads\/2022\/05\/Slobodan-Krstovic-1-806x1024.jpg\" alt=\"\" class=\"wp-image-19262\" style=\"width:168px;height:214px\" srcset=\"https:\/\/ekoopstina.com\/sr\/wp-content\/uploads\/2022\/05\/Slobodan-Krstovic-1-806x1024.jpg 806w, https:\/\/ekoopstina.com\/sr\/wp-content\/uploads\/2022\/05\/Slobodan-Krstovic-1-236x300.jpg 236w, https:\/\/ekoopstina.com\/sr\/wp-content\/uploads\/2022\/05\/Slobodan-Krstovic-1-768x976.jpg 768w, https:\/\/ekoopstina.com\/sr\/wp-content\/uploads\/2022\/05\/Slobodan-Krstovic-1-1209x1536.jpg 1209w, https:\/\/ekoopstina.com\/sr\/wp-content\/uploads\/2022\/05\/Slobodan-Krstovic-1-1612x2048.jpg 1612w, https:\/\/ekoopstina.com\/sr\/wp-content\/uploads\/2022\/05\/Slobodan-Krstovic-1-370x470.jpg 370w, https:\/\/ekoopstina.com\/sr\/wp-content\/uploads\/2022\/05\/Slobodan-Krstovic-1-840x1067.jpg 840w, https:\/\/ekoopstina.com\/sr\/wp-content\/uploads\/2022\/05\/Slobodan-Krstovic-1-410x521.jpg 410w, https:\/\/ekoopstina.com\/sr\/wp-content\/uploads\/2022\/05\/Slobodan-Krstovic-1-scaled.jpg 2015w\" sizes=\"auto, (max-width: 806px) 100vw, 806px\" \/><\/figure>\n\n\n\n<p><\/p>\n\n\n\n<p><strong>Slobodan Krstovic &#8211; NALED<\/strong><\/p>\n\n\n\n<p>Slobodan je diplomirao na Ekonomskom fakultetu u Beogradu, smer finansije, bankarstvo i osiguranje. Na Pravnom fakultetu Univerziteta u Beogradu 2021. godine je stekao Master, uspe\u0161no odbraniv\u0161i rad na temu \u201eDozvoljeni oblici dr\u017eavne pomo\u0107i u pravu konkurencije Srbije i EU\u201c. \u010clan je tima NALED-a od 2010. godine, na pozicijama menad\u017eera projekta, ekonomskog analiti\u010dara i trenutno\u00a0Direktora za odr\u017eivi razvoj. Koordinirao je i u\u010destvovao u realizaciji brojnih projekata koji se odnose na javne finansije, fiskalnu politiku, za\u0161titu \u017eivotne sredine i uop\u0161teno javnu politiku na lokalnom i nacionalnom nivou. Kao \u010dlan tima za politiku NALED-a, bio je koautor i partner u izradi niza studija i analiza vezanih za reformu politike i procenu poslovnog okru\u017eenja, kao \u0161to su Siva knjiga, Regulatorni indeks Srbije, Kvartalni izve\u0161taj o statusu regulatorne reforme itd.\u00a0\u00a0 \u00a0<\/p>\n\n\n\n<figure class=\"wp-block-image size-full\"><img loading=\"lazy\" decoding=\"async\" width=\"215\" height=\"195\" src=\"https:\/\/ekoopstina.com\/sr\/wp-content\/uploads\/2022\/05\/Miodrag-Gluscevic.jpg\" alt=\"\" class=\"wp-image-19263\"\/><\/figure>\n\n\n\n<p><\/p>\n\n\n\n<p><strong><strong>Miodrag Glu\u0161\u010dcevi\u0107 \u2013 Stalna konferencija gradova i op\u0161tina (SKGO)<\/strong><\/strong><\/p>\n\n\n\n<p>Miodrag trenutno obavlja funkciju programskog direktora za urbani razvoj, \u017eivotnu sredinu i komunalne usluge u Stalnoj konferenciji gradova i op\u0161tina, Savezu gradova i op\u0161tina Srbije. Budu\u0107i da je stru\u010dnjak za javni sektor i upravljanje projektima, ima posebno iskustvo u poslovima lokalne samouprave, odr\u017eivom urbanom razvoju, op\u0161tinskim uslugama i pitanjima energetike i \u017eivotne sredine. Svojim obrazovanjem i profesionalnim iskustvom, Miodrag je stekao stru\u010dnost u oblastima za\u0161tite \u017eivotne sredine, klimatskih promena, energetske efikasnosti, upravljanja energijom i kori\u0161c\u0301enja obnovljivih izvora energije, upravljanja otpadom, recikla\u017ee, cirkularne ekonomije i upravljanja komulanlnim i otpadnim vodama. Poseduje veliko iskustvo u upravljanju kompleksnim kratkoro\u010dnim i dugoro\u010dnim razvojnim projektima i u savetovanju i pomoc\u0301i javnim agencijama i civilnom dru\u0161tvu u pogledu institucionalnih, tehni\u010dkih i strate\u0161kih pitanja.<\/p>\n","protected":false},"excerpt":{"rendered":"<p>Predsednik \u017eirija \u2013 Aleksandar \u0110uki\u0107 \u2013 Gra\u0111evinski fakultet&nbsp; Ro\u0111en je 1965. godine u Beogradu, gde je zavr\u0161io osnovnu i srednju \u0161kolu. Diplomirao je na Gra\u0111evinskom fakultetu Univerziteta u Beogradu 1990.&hellip;<\/p>\n","protected":false},"author":1,"featured_media":0,"parent":0,"menu_order":0,"comment_status":"closed","ping_status":"closed","template":"","meta":{"footnotes":""},"class_list":["post-19259","page","type-page","status-publish","hentry"],"_links":{"self":[{"href":"https:\/\/ekoopstina.com\/sr\/wp-json\/wp\/v2\/pages\/19259","targetHints":{"allow":["GET"]}}],"collection":[{"href":"https:\/\/ekoopstina.com\/sr\/wp-json\/wp\/v2\/pages"}],"about":[{"href":"https:\/\/ekoopstina.com\/sr\/wp-json\/wp\/v2\/types\/page"}],"author":[{"embeddable":true,"href":"https:\/\/ekoopstina.com\/sr\/wp-json\/wp\/v2\/users\/1"}],"replies":[{"embeddable":true,"href":"https:\/\/ekoopstina.com\/sr\/wp-json\/wp\/v2\/comments?post=19259"}],"version-history":[{"count":5,"href":"https:\/\/ekoopstina.com\/sr\/wp-json\/wp\/v2\/pages\/19259\/revisions"}],"predecessor-version":[{"id":19884,"href":"https:\/\/ekoopstina.com\/sr\/wp-json\/wp\/v2\/pages\/19259\/revisions\/19884"}],"wp:attachment":[{"href":"https:\/\/ekoopstina.com\/sr\/wp-json\/wp\/v2\/media?parent=19259"}],"curies":[{"name":"wp","href":"https:\/\/api.w.org\/{rel}","templated":true}]}}