{"id":19266,"date":"2022-05-04T12:35:41","date_gmt":"2022-05-04T12:35:41","guid":{"rendered":"https:\/\/ekoopstina.com\/sr\/?page_id=19266"},"modified":"2022-05-13T09:46:13","modified_gmt":"2022-05-13T09:46:13","slug":"jury-efficacite-energetique","status":"publish","type":"page","link":"https:\/\/ekoopstina.com\/sr\/jury-efficacite-energetique\/","title":{"rendered":"\u017diri &#8211; Energetska efikasnost"},"content":{"rendered":"\n<p><\/p>\n\n\n\n<figure class=\"wp-block-image size-large is-resized\"><img loading=\"lazy\" decoding=\"async\" src=\"https:\/\/ekoopstina.com\/sr\/wp-content\/uploads\/2022\/05\/Dusan-Ignjatovic-1024x1024.jpg\" alt=\"\" class=\"wp-image-19268\" width=\"218\" height=\"218\" srcset=\"https:\/\/ekoopstina.com\/sr\/wp-content\/uploads\/2022\/05\/Dusan-Ignjatovic-1024x1024.jpg 1024w, https:\/\/ekoopstina.com\/sr\/wp-content\/uploads\/2022\/05\/Dusan-Ignjatovic-300x300.jpg 300w, https:\/\/ekoopstina.com\/sr\/wp-content\/uploads\/2022\/05\/Dusan-Ignjatovic-150x150.jpg 150w, https:\/\/ekoopstina.com\/sr\/wp-content\/uploads\/2022\/05\/Dusan-Ignjatovic-768x768.jpg 768w, https:\/\/ekoopstina.com\/sr\/wp-content\/uploads\/2022\/05\/Dusan-Ignjatovic-370x370.jpg 370w, https:\/\/ekoopstina.com\/sr\/wp-content\/uploads\/2022\/05\/Dusan-Ignjatovic-120x120.jpg 120w, https:\/\/ekoopstina.com\/sr\/wp-content\/uploads\/2022\/05\/Dusan-Ignjatovic-840x840.jpg 840w, https:\/\/ekoopstina.com\/sr\/wp-content\/uploads\/2022\/05\/Dusan-Ignjatovic-410x410.jpg 410w, https:\/\/ekoopstina.com\/sr\/wp-content\/uploads\/2022\/05\/Dusan-Ignjatovic.jpg 1500w\" sizes=\"auto, (max-width: 218px) 100vw, 218px\" \/><\/figure>\n\n\n\n<p><strong><strong>Du\u0161an Ignjatovic\u0301 \u2013 Arhitektonski fakultet \u2013 Univerzitet u Beogradu<\/strong><\/strong><\/p>\n\n\n\n<p>Du\u0161an Ignjatovic\u0301 (1969) diplomirao je na Arhitektonskom fakultetu Univerziteta u Beogradu 1996. godine i doktorirao na istom fakultetu 2016. godine uspe\u0161no odbraniv\u0161i doktorsku tezu na temu \u201eProcena energetskih karakteristika omota\u010da stambenih zgrada metodom infracrvene termografije\u201c. Trenutno je vanredni profesor na Arhitektonskom fakultetu u Beogradu i gostujuc\u0301i profesor na Fakultetu tehni\u010dkih nauka u Kosovskoj Mitrovici, biv\u0161i gostujuc\u0301i profesor na Arhitektonskom fakultetu u Podgorici (2009-10). Aktivan je \u010dlan radnih grupa za izradu propisa u oblasti energetske efikasnosti i renoviranja zgrada. Prodekan je za finansije i poslovnu saradnju. Njegova stru\u010dna i nau\u010dna interesovanja odnose se na projektovanje, energetsku efikasnost, projektovanje i renoviranje zelenih zgrada (\u00ab&nbsp;Green building design&nbsp;\u00bb). Kao stru\u010dnjak i istra\u017eiva\u010d bavio se mnogim nau\u010dnim i stru\u010dnim aktivnostima. Trenutno je anga\u017eovan na projektima \u201eTipologija stambenih zgrada u gradu Beogradu\u201c (od 2019. godine) kao vo\u0111a tima, \u201eTipologija zgrada u Crnoj Gori\u201c (od 2018. godine) kao me\u0111unarodni konsultant.<\/p>\n\n\n\n<figure class=\"wp-block-image size-large is-resized\"><img loading=\"lazy\" decoding=\"async\" src=\"https:\/\/ekoopstina.com\/sr\/wp-content\/uploads\/2022\/05\/Bojana-Zekovic-722x1024.jpg\" alt=\"\" class=\"wp-image-19267\" width=\"218\" height=\"310\" srcset=\"https:\/\/ekoopstina.com\/sr\/wp-content\/uploads\/2022\/05\/Bojana-Zekovic-722x1024.jpg 722w, https:\/\/ekoopstina.com\/sr\/wp-content\/uploads\/2022\/05\/Bojana-Zekovic-212x300.jpg 212w, https:\/\/ekoopstina.com\/sr\/wp-content\/uploads\/2022\/05\/Bojana-Zekovic-768x1089.jpg 768w, https:\/\/ekoopstina.com\/sr\/wp-content\/uploads\/2022\/05\/Bojana-Zekovic-370x525.jpg 370w, https:\/\/ekoopstina.com\/sr\/wp-content\/uploads\/2022\/05\/Bojana-Zekovic-410x581.jpg 410w, https:\/\/ekoopstina.com\/sr\/wp-content\/uploads\/2022\/05\/Bojana-Zekovic.jpg 821w\" sizes=\"auto, (max-width: 218px) 100vw, 218px\" \/><\/figure>\n\n\n\n<p><strong><strong>Predsednica \u017eirija \u2013 Bojana Zekovic\u0301 \u2013 Arhitektonski fakultet \u2013 Univerzitet u Beogradu<\/strong><\/strong><\/p>\n\n\n\n<p>Bojana Zekovic\u0301 (ro\u0111ena Stankovic\u0301, 1987.) je docent na Arhitektonskom fakultetu Univerziteta u Beogradu (UoBFoA). Oblast njenog interesovanja i istra\u017eivanja su energetska efikasnost i bioklimatski principi u arhitekturi, sistemi sertifikacije zelene gradnje i gra\u0111evinske tehnologije. Posebno je zainteresovana za teorijske i prakti\u010dne manifestacije ekolo\u0161kih trendova u arhitekturi i dizajnu. Poseduje LEED GA licencu. U\u010destvovala je i nagra\u0111ivana na domac\u0301im i me\u0111unarodnim arhitektonskim konkursima. Bojana radi kao saradnik u nekoliko kompanija i arhitektonskih biroa (Atrium consulting, Arhisolar office, nekolikoArhitekata, Studio OBE). Tako\u0111e u\u010destvuje u nekoliko me\u0111unarodnih istra\u017eiva\u010dkih projekata (TABULA\/EPISCOPE, HORIZON 2020 EMBuild, Erasmus + KLABS, HERSUS). Bila je deo tima obrazovnih savetnika za studentski projekat TwistBox za me\u0111unarodno studentsko takmi\u010denje Solar Decathlon Middle East (SDME 2018) u Dubaiju. \u010clan je istra\u017eiva\u010dkog tima Arhitektonskog fakulteta koji u\u010destvuje u projektu koji koordinira GIZ na temu \u201eEnergetska efikasnost u Srbiji, istra\u017eivanje energetskih performansi stambenih objekata i javnih zgrada u Srbiji, razvoj nacionalnih i lokalnih tipologija zgrada\u201c, koji je rezultirao nizom nau\u010dnih monografija. Autorka je brojnih \u010dlanaka objavljenih u me\u0111unarodnim i domac\u0301im nau\u010dnim \u010dasopisima, zbornicima radova i monografijama.<\/p>\n\n\n\n<figure class=\"wp-block-image size-full is-resized\"><img loading=\"lazy\" decoding=\"async\" src=\"https:\/\/ekoopstina.com\/sr\/wp-content\/uploads\/2022\/05\/Zeljko-Zecevic.jpg\" alt=\"\" class=\"wp-image-19269\" width=\"216\" height=\"245\" srcset=\"https:\/\/ekoopstina.com\/sr\/wp-content\/uploads\/2022\/05\/Zeljko-Zecevic.jpg 352w, https:\/\/ekoopstina.com\/sr\/wp-content\/uploads\/2022\/05\/Zeljko-Zecevic-264x300.jpg 264w\" sizes=\"auto, (max-width: 216px) 100vw, 216px\" \/><\/figure>\n\n\n\n<p><\/p>\n\n\n\n<p><strong>Zeljko Zecevic \u2013 RES<\/strong><\/p>\n\n\n\n<p>\u017deljko je in\u017eenjer telekomunikacija, a diplomirao je na Univerzitetu u Novom Sadu. Od 2003. godine radio je 12 godina kao stru\u010dnjak za energetiku u JP \u201eDirekcija za razvoj\u201c op\u0161tine Vrbas pre nego \u0161to je postavljen za rukovodioca za energetiku u op\u0161tini, gde je ostao do 2017. Nakon toga je postao konsultant specijalizovan za energetsku efikasnost, obnovljive izvore energije i merenje potro\u0161nje energije (javne i privatne zgrade, javna rasveta, itd.). Od kraja 2017. godine radi u Fondaciji RES sa kojom je u\u010destvovao u energetskim revizijama (za javne i privatne zgrade), razvijao sistem merenja potro\u0161nje energije i sprovodio programe upravljanja energijom u mnogim srpske lokalnim samoupravama, na osnovu finansijskih sredstava iz EBRD-a. Tako\u0111e je pru\u017eio svoju ekspertizu projektima GIZ-a i Heinrich-Boll-Stiftung.<\/p>\n\n\n\n<figure class=\"wp-block-image size-full\"><img loading=\"lazy\" decoding=\"async\" width=\"215\" height=\"195\" src=\"https:\/\/ekoopstina.com\/sr\/wp-content\/uploads\/2022\/05\/Miodrag-Gluscevic-1.jpg\" alt=\"\" class=\"wp-image-19270\"\/><\/figure>\n\n\n\n<p><\/p>\n\n\n\n<p><strong><strong>Miodrag Glu\u0161\u010dcevi\u0107 \u2013 Stalna konferencija gradova i op\u0161tina (SKGO)<\/strong><\/strong><\/p>\n\n\n\n<p>Miodrag trenutno obavlja funkciju programskog direktora za urbani razvoj, \u017eivotnu sredinu i komunalne usluge u Stalnoj konferenciji gradova i op\u0161tina, Savezu gradova i op\u0161tina Srbije. Budu\u0107i da je stru\u010dnjak za javni sektor i upravljanje projektima, ima posebno iskustvo u poslovima lokalne samouprave, odr\u017eivom urbanom razvoju, op\u0161tinskim uslugama i pitanjima energetike i \u017eivotne sredine. Svojim obrazovanjem i profesionalnim iskustvom, Miodrag je stekao stru\u010dnost u oblastima za\u0161tite \u017eivotne sredine, klimatskih promena, energetske efikasnosti, upravljanja energijom i kori\u0161c\u0301enja obnovljivih izvora energije, upravljanja otpadom, recikla\u017ee, cirkularne ekonomije i upravljanja komulanlnim i otpadnim vodama. Poseduje veliko iskustvo u upravljanju kompleksnim kratkoro\u010dnim i dugoro\u010dnim razvojnim projektima i u savetovanju i pomoc\u0301i javnim agencijama i civilnom dru\u0161tvu u pogledu institucionalnih, tehni\u010dkih i strate\u0161kih pitanja.<\/p>\n","protected":false},"excerpt":{"rendered":"<p>Du\u0161an Ignjatovic\u0301 \u2013 Arhitektonski fakultet \u2013 Univerzitet u Beogradu Du\u0161an Ignjatovic\u0301 (1969) diplomirao je na Arhitektonskom fakultetu Univerziteta u Beogradu 1996. godine i doktorirao na istom fakultetu 2016. godine uspe\u0161no&hellip;<\/p>\n","protected":false},"author":1,"featured_media":0,"parent":0,"menu_order":0,"comment_status":"closed","ping_status":"closed","template":"","meta":{"footnotes":""},"class_list":["post-19266","page","type-page","status-publish","hentry"],"_links":{"self":[{"href":"https:\/\/ekoopstina.com\/sr\/wp-json\/wp\/v2\/pages\/19266","targetHints":{"allow":["GET"]}}],"collection":[{"href":"https:\/\/ekoopstina.com\/sr\/wp-json\/wp\/v2\/pages"}],"about":[{"href":"https:\/\/ekoopstina.com\/sr\/wp-json\/wp\/v2\/types\/page"}],"author":[{"embeddable":true,"href":"https:\/\/ekoopstina.com\/sr\/wp-json\/wp\/v2\/users\/1"}],"replies":[{"embeddable":true,"href":"https:\/\/ekoopstina.com\/sr\/wp-json\/wp\/v2\/comments?post=19266"}],"version-history":[{"count":5,"href":"https:\/\/ekoopstina.com\/sr\/wp-json\/wp\/v2\/pages\/19266\/revisions"}],"predecessor-version":[{"id":19498,"href":"https:\/\/ekoopstina.com\/sr\/wp-json\/wp\/v2\/pages\/19266\/revisions\/19498"}],"wp:attachment":[{"href":"https:\/\/ekoopstina.com\/sr\/wp-json\/wp\/v2\/media?parent=19266"}],"curies":[{"name":"wp","href":"https:\/\/api.w.org\/{rel}","templated":true}]}}