{"id":19278,"date":"2022-05-04T12:52:27","date_gmt":"2022-05-04T12:52:27","guid":{"rendered":"https:\/\/ekoopstina.com\/sr\/?page_id=19278"},"modified":"2025-02-12T09:57:24","modified_gmt":"2025-02-12T09:57:24","slug":"jury-villes-connectees","status":"publish","type":"page","link":"https:\/\/ekoopstina.com\/sr\/jury-villes-connectees\/","title":{"rendered":"\u017diri &#8211; Pametni gradovi"},"content":{"rendered":"\n<p><\/p>\n\n\n\n<figure class=\"wp-block-image size-full is-resized\"><img loading=\"lazy\" decoding=\"async\" width=\"655\" height=\"437\" src=\"https:\/\/ekoopstina.com\/sr\/wp-content\/uploads\/2022\/05\/Klara-Danilovic.jpg\" alt=\"\" class=\"wp-image-19282\" style=\"width:314px;height:209px\" srcset=\"https:\/\/ekoopstina.com\/sr\/wp-content\/uploads\/2022\/05\/Klara-Danilovic.jpg 655w, https:\/\/ekoopstina.com\/sr\/wp-content\/uploads\/2022\/05\/Klara-Danilovic-300x200.jpg 300w, https:\/\/ekoopstina.com\/sr\/wp-content\/uploads\/2022\/05\/Klara-Danilovic-370x247.jpg 370w, https:\/\/ekoopstina.com\/sr\/wp-content\/uploads\/2022\/05\/Klara-Danilovic-410x274.jpg 410w\" sizes=\"auto, (max-width: 655px) 100vw, 655px\" \/><\/figure>\n\n\n\n<p><strong><strong>Klara Danilovic\u0301 &#8211; SKGO (Stalna konferencija gradova i op\u0161tina)<\/strong><\/strong><\/p>\n\n\n\n<p>Klara Danilovic\u0301, urbanista, radi kao \u0161ef Odeljenja za urbanizam i stanovanje u Stalnoj konferenciji gradova i op\u0161tina. Nakon 20 godina rada u oblasti urbanizma i stanovanja, Klara se specijalizovala za&nbsp; ja\u010danje kapaciteta izabranih predstavnika lokalnih vlasti u razli\u010ditim oblastima, uklju\u010dujuc\u0301i urbani razvoj, participativno planiranje i odr\u017eivu urbanu mobilnost. U\u010destvovala je u nekoliko politi\u010dkih inicijativa i bila je uklju\u010dena u aktivnosti ja\u010danja kapaciteta u razli\u010ditim oblastima (stanovanje, urbana mobilnost). Klara je nacionalni koordinator za Evropsku nedelju mobilnosti u Srbiji.&nbsp;<\/p>\n\n\n\n<p><\/p>\n\n\n\n<figure class=\"wp-block-image size-large is-resized\"><img loading=\"lazy\" decoding=\"async\" width=\"1024\" height=\"803\" src=\"https:\/\/ekoopstina.com\/sr\/wp-content\/uploads\/2022\/05\/Dusan-Damjanovic-1024x803.jpg\" alt=\"\" class=\"wp-image-19279\" style=\"width:303px;height:237px\" srcset=\"https:\/\/ekoopstina.com\/sr\/wp-content\/uploads\/2022\/05\/Dusan-Damjanovic-1024x803.jpg 1024w, https:\/\/ekoopstina.com\/sr\/wp-content\/uploads\/2022\/05\/Dusan-Damjanovic-300x235.jpg 300w, https:\/\/ekoopstina.com\/sr\/wp-content\/uploads\/2022\/05\/Dusan-Damjanovic-768x602.jpg 768w, https:\/\/ekoopstina.com\/sr\/wp-content\/uploads\/2022\/05\/Dusan-Damjanovic-1536x1204.jpg 1536w, https:\/\/ekoopstina.com\/sr\/wp-content\/uploads\/2022\/05\/Dusan-Damjanovic-370x290.jpg 370w, https:\/\/ekoopstina.com\/sr\/wp-content\/uploads\/2022\/05\/Dusan-Damjanovic-840x659.jpg 840w, https:\/\/ekoopstina.com\/sr\/wp-content\/uploads\/2022\/05\/Dusan-Damjanovic-410x321.jpg 410w, https:\/\/ekoopstina.com\/sr\/wp-content\/uploads\/2022\/05\/Dusan-Damjanovic.jpg 1565w\" sizes=\"auto, (max-width: 1024px) 100vw, 1024px\" \/><\/figure>\n\n\n\n<p><strong><strong>Du\u0161an Damjanovic\u0301 \u2013 PALGO Smart<\/strong><\/strong><\/p>\n\n\n\n<p>Du\u0161an je svoje visoko obrazovanje i specijalizaciju zavr\u0161io u inostranstvu (Harvard Kennedi School i \u00c9cole nationale sup\u00e9rieure d&#8217;architecture Paris-Malaquais), dok je profesionalno iskustvo sticao u Srbiji radec\u0301i na me\u0111unarodnim, regionalnim i lokalnim projektima i programima, sara\u0111ujuc\u0301i tokom 18 godina sa velikim me\u0111unarodnim i evropskim institucijama i organizacijama. Kao planer i stru\u010dnjak za politiku i strategiju odr\u017eivog razvoja, Du\u0161an je rukovodio i u\u010destvovao u projektima iz oblasti javnih politika, dobrog upravljanja, strate\u0161kog planiranja i pametnog urbanog razvoja, stanovanja i energetske efikasnosti itd. Od pokretanja Smart City Festivala 2017. godine, tako\u0111e je jedan od organizatora ove manifestacije u Beogradu (godi\u0161nji me\u0111unarodni vodec\u0301i doga\u0111aj inicijative SmartCity.Education).<\/p>\n\n\n\n<figure class=\"wp-block-image size-full is-resized is-style-alignfar\"><img loading=\"lazy\" decoding=\"async\" width=\"2048\" height=\"2560\" src=\"https:\/\/ekoopstina.com\/sr\/wp-content\/uploads\/2025\/02\/Valentina-edited-scaled.jpg\" alt=\"\" class=\"wp-image-19889\" style=\"aspect-ratio:0.75;object-fit:cover;width:218px;height:auto\" srcset=\"https:\/\/ekoopstina.com\/sr\/wp-content\/uploads\/2025\/02\/Valentina-edited-scaled.jpg 2048w, https:\/\/ekoopstina.com\/sr\/wp-content\/uploads\/2025\/02\/Valentina-edited-240x300.jpg 240w, https:\/\/ekoopstina.com\/sr\/wp-content\/uploads\/2025\/02\/Valentina-edited-819x1024.jpg 819w, https:\/\/ekoopstina.com\/sr\/wp-content\/uploads\/2025\/02\/Valentina-edited-768x960.jpg 768w, https:\/\/ekoopstina.com\/sr\/wp-content\/uploads\/2025\/02\/Valentina-edited-1229x1536.jpg 1229w, https:\/\/ekoopstina.com\/sr\/wp-content\/uploads\/2025\/02\/Valentina-edited-1639x2048.jpg 1639w, https:\/\/ekoopstina.com\/sr\/wp-content\/uploads\/2025\/02\/Valentina-edited-370x462.jpg 370w, https:\/\/ekoopstina.com\/sr\/wp-content\/uploads\/2025\/02\/Valentina-edited-840x1050.jpg 840w, https:\/\/ekoopstina.com\/sr\/wp-content\/uploads\/2025\/02\/Valentina-edited-410x512.jpg 410w\" sizes=\"auto, (max-width: 2048px) 100vw, 2048px\" \/><\/figure>\n\n\n\n<p><strong><strong>Prof. Dr Valentina Mirovi\u0107 &#8211; Redovni profesor<\/strong> <\/strong><\/p>\n\n\n\n<p>Prof. Dr Valentina Mirovi\u0107 je od 2000. godine zaposlena kao istra\u017eiva\u010d i predava\u010d u oblasti planiranja saobra\u0107aja na Katedri za drumske saobra\u0107ajne sisteme Fakulteta tehni\u010dkih nauka, Univerzitet u Novom Sadu. Godine 2021. izabrana je u zvanje redovnog profesora. Njene primarne oblasti nau\u010dnog interesovanja uklju\u010duju planiranje saobra\u0107aja odnosno, prikupljanje I &nbsp;analizu podataka, formiranje saobra\u0107ajnih modela I upravljanje saobra\u0107ajnom potra\u017enjom. Prof. Mirovi\u0107 objavila je vi\u0161e od 70 nau\u010dnih radova u doma\u0107im i me\u0111unarodnim \u010dasopisima. Prema \u201cWeb of Science,\u201d ima ukupno 112 citata i h-indeks od 5. Dodatne klju\u010dne kvalifikacije uklju\u010duju u\u010de\u0161\u0107e u vi\u0161e od 30 studija i projekata iz oblasti saobra\u0107aja, recenzije u nacionalnim I me\u0111unarodnim \u010dasopisima, \u010dlanstva u me\u0111unarodnim nau\u010dnim I stru\u010dnim asocijacijama kao \u0161to su IEEE, Civinet Slo-Hr-JIE, UITP, Civitas Educational Network.<\/p>\n\n\n\n<p><\/p>\n\n\n\n<figure class=\"wp-block-image size-full is-resized\"><img loading=\"lazy\" decoding=\"async\" width=\"300\" height=\"296\" src=\"https:\/\/ekoopstina.com\/sr\/wp-content\/uploads\/2025\/02\/VD.png\" alt=\"\" class=\"wp-image-19892\" style=\"aspect-ratio:1.5023923444976077;object-fit:contain;width:358px;height:auto\"\/><\/figure>\n\n\n\n<p><strong><a href=\"https:\/\/www.linkedin.com\/in\/vladimir-djoric-57616a42\/\" data-type=\"link\" data-id=\"https:\/\/www.linkedin.com\/in\/vladimir-djoric-57616a42\/\">Vladimir Djoric<\/a> &#8211; Professor at Faculty of Transport and Traffic Engineering in Belgrade<\/strong><\/p>\n\n\n\n<p>Dr Vladimir \u0110oric\u0301, nastavnik Katedri za planiranje i regulisanje saobrac\u0301aja Saobrac\u0301ajnog fakulteta Univerziteta u Beogradu. U prethodnih 18 godina radio je na obnavljanju Laboratorije za planiranje saobrac\u0301aja softverskim alatima za planiranje saobrac\u0301aja kao i modeliranje uticaja saobrac\u0301aja na \u017eivotnu sredinu. Nau\u010dno istra\u017eiva\u010dki rezultati su zabele\u017eeni kroz vi\u0161e od 25 radova u domac\u0301im i me\u0111unarodnim \u010dasopisima i konferencijama, od kojih 9 u \u010dasopisima sa SCI liste. Inovirao je veliki broj predmeta u okviru Katedre na osnovnim i master studijama. \u010clan je Programskih odbora na zna\u010dajnim konferencijama koje se odr\u017eavaju u Srbiji (TESi i Tovards Humane Citi). Kao \u010dlan autorskog tima ili operativni rukovodilac, u\u010destvovao je u vi\u0161e od 20 saobrac\u0301ajnih studija i projekata iz oblasti planiranja saobrac\u0301aja u gradovima, kao i u dva nau\u010dna projekta.<\/p>\n\n\n\n<p><\/p>\n\n\n\n<figure class=\"wp-block-image size-full is-resized\"><img loading=\"lazy\" decoding=\"async\" width=\"195\" height=\"187\" src=\"https:\/\/ekoopstina.com\/sr\/wp-content\/uploads\/2025\/02\/MP.jpg\" alt=\"\" class=\"wp-image-19895\" style=\"aspect-ratio:1.5023923444976077;object-fit:contain;width:349px;height:auto\"\/><\/figure>\n\n\n\n<p><strong><a href=\"https:\/\/www.linkedin.com\/in\/marijana-petrovi%C4%87-08340922\/overlay\/about-this-profile\/\">Marijana (Davidovic) Petrovi\u0107<\/a>&nbsp;&nbsp;&#8211; Univerzitet u Beogradu-Saobra\u0107ajni fakultet<\/strong><\/p>\n\n\n\n<p>Marijana je redovni profesor na Saobra\u0107ajnom fakultetu u Beogradu. Njena u\u017ea nau\u010dna oblast je Ekonomija i marketing u saobra\u0107aju i transportu u okviru koje predaje vi\u0161e predmeta na svim nivoima studija. Marijanin nau\u010dno istra\u017eiva\u010dki i rad je usmeren ka politici pametne i zelene mobilnosti. U\u010destvovala je u velikom broju nacionalnih, regionalnih i me\u0111unarodnih projekata (uklju\u010duju\u0107i projekte okviru evropskih programa Horizon Europe, Interreg i ERASMUS). Posve\u0107ena je principima odgovornog istra\u017eivanja i razvoja i aktivno sara\u0111uje sa razli\u010ditim institucijama i organizacijama u promovisanju saradnje nauke i privrede. Marijana je \u010dlan akademskog odbora regionalne CIVINET mre\u017ee i stru\u010dne komisije Ministarstva gra\u0111evinarstva, saobra\u0107aja i infrastrukture Republike Srbije u oblasti odr\u017eive urbane mobilnosti.<\/p>\n","protected":false},"excerpt":{"rendered":"<p>Klara Danilovic\u0301 &#8211; SKGO (Stalna konferencija gradova i op\u0161tina) Klara Danilovic\u0301, urbanista, radi kao \u0161ef Odeljenja za urbanizam i stanovanje u Stalnoj konferenciji gradova i op\u0161tina. Nakon 20 godina rada&hellip;<\/p>\n","protected":false},"author":1,"featured_media":0,"parent":0,"menu_order":0,"comment_status":"closed","ping_status":"closed","template":"","meta":{"footnotes":""},"class_list":["post-19278","page","type-page","status-publish","hentry"],"_links":{"self":[{"href":"https:\/\/ekoopstina.com\/sr\/wp-json\/wp\/v2\/pages\/19278","targetHints":{"allow":["GET"]}}],"collection":[{"href":"https:\/\/ekoopstina.com\/sr\/wp-json\/wp\/v2\/pages"}],"about":[{"href":"https:\/\/ekoopstina.com\/sr\/wp-json\/wp\/v2\/types\/page"}],"author":[{"embeddable":true,"href":"https:\/\/ekoopstina.com\/sr\/wp-json\/wp\/v2\/users\/1"}],"replies":[{"embeddable":true,"href":"https:\/\/ekoopstina.com\/sr\/wp-json\/wp\/v2\/comments?post=19278"}],"version-history":[{"count":8,"href":"https:\/\/ekoopstina.com\/sr\/wp-json\/wp\/v2\/pages\/19278\/revisions"}],"predecessor-version":[{"id":19896,"href":"https:\/\/ekoopstina.com\/sr\/wp-json\/wp\/v2\/pages\/19278\/revisions\/19896"}],"wp:attachment":[{"href":"https:\/\/ekoopstina.com\/sr\/wp-json\/wp\/v2\/media?parent=19278"}],"curies":[{"name":"wp","href":"https:\/\/api.w.org\/{rel}","templated":true}]}}