{"id":19303,"date":"2022-05-08T13:30:17","date_gmt":"2022-05-08T13:30:17","guid":{"rendered":"https:\/\/ekoopstina.com\/sr\/?page_id=19303"},"modified":"2024-06-13T10:48:38","modified_gmt":"2024-06-13T10:48:38","slug":"jury-ecoles-vertes","status":"publish","type":"page","link":"https:\/\/ekoopstina.com\/sr\/jury-ecoles-vertes\/","title":{"rendered":"\u017diri \u2013 Zelene \u0161kole"},"content":{"rendered":"<div class=\"wp-block-image\">\n<figure class=\"alignleft size-large is-resized\"><img loading=\"lazy\" decoding=\"async\" width=\"1024\" height=\"936\" src=\"https:\/\/ekoopstina.com\/sr\/wp-content\/uploads\/2022\/05\/Natasa-Kovacevic-1024x936.jpeg\" alt=\"\" class=\"wp-image-19304\" style=\"aspect-ratio:1.0959752321981424;width:245px;height:auto\" srcset=\"https:\/\/ekoopstina.com\/sr\/wp-content\/uploads\/2022\/05\/Natasa-Kovacevic-1024x936.jpeg 1024w, https:\/\/ekoopstina.com\/sr\/wp-content\/uploads\/2022\/05\/Natasa-Kovacevic-300x274.jpeg 300w, https:\/\/ekoopstina.com\/sr\/wp-content\/uploads\/2022\/05\/Natasa-Kovacevic-768x702.jpeg 768w, https:\/\/ekoopstina.com\/sr\/wp-content\/uploads\/2022\/05\/Natasa-Kovacevic-1536x1404.jpeg 1536w, https:\/\/ekoopstina.com\/sr\/wp-content\/uploads\/2022\/05\/Natasa-Kovacevic-2048x1872.jpeg 2048w, https:\/\/ekoopstina.com\/sr\/wp-content\/uploads\/2022\/05\/Natasa-Kovacevic-370x338.jpeg 370w, https:\/\/ekoopstina.com\/sr\/wp-content\/uploads\/2022\/05\/Natasa-Kovacevic-840x768.jpeg 840w, https:\/\/ekoopstina.com\/sr\/wp-content\/uploads\/2022\/05\/Natasa-Kovacevic-410x375.jpeg 410w\" sizes=\"auto, (max-width: 1024px) 100vw, 1024px\" \/><\/figure>\n<\/div>\n\n\n<p><strong><strong>Predsednica \u017eirija \u2013 Nata\u0161a Kova\u010devic\u0301<\/strong><\/strong><\/p>\n\n\n\n<p>Nata\u0161a je bila \u0161ampionka Srbije u ko\u0161arci. <\/p>\n\n\n\n<p>Kroz svoju fondaciju pru\u017ea podr\u0161ku sportskim povre\u0111enim sportistima, kao i mladim sportistima u njihovom razvoju, posebno u \u0161kolskom obrazovanju.<\/p>\n\n\n\n<p><\/p>\n\n\n<div class=\"wp-block-image\">\n<figure class=\"alignright size-large is-resized\"><img loading=\"lazy\" decoding=\"async\" width=\"2299\" height=\"2298\" src=\"https:\/\/ekoopstina.com\/sr\/wp-content\/uploads\/2024\/03\/L1032802-edited.jpg\" alt=\"\" class=\"wp-image-19789\" style=\"width:219px;height:auto\" srcset=\"https:\/\/ekoopstina.com\/sr\/wp-content\/uploads\/2024\/03\/L1032802-edited.jpg 2299w, https:\/\/ekoopstina.com\/sr\/wp-content\/uploads\/2024\/03\/L1032802-edited-300x300.jpg 300w, https:\/\/ekoopstina.com\/sr\/wp-content\/uploads\/2024\/03\/L1032802-edited-1024x1024.jpg 1024w, https:\/\/ekoopstina.com\/sr\/wp-content\/uploads\/2024\/03\/L1032802-edited-150x150.jpg 150w, https:\/\/ekoopstina.com\/sr\/wp-content\/uploads\/2024\/03\/L1032802-edited-768x768.jpg 768w, https:\/\/ekoopstina.com\/sr\/wp-content\/uploads\/2024\/03\/L1032802-edited-1536x1536.jpg 1536w, https:\/\/ekoopstina.com\/sr\/wp-content\/uploads\/2024\/03\/L1032802-edited-2048x2048.jpg 2048w, https:\/\/ekoopstina.com\/sr\/wp-content\/uploads\/2024\/03\/L1032802-edited-370x370.jpg 370w, https:\/\/ekoopstina.com\/sr\/wp-content\/uploads\/2024\/03\/L1032802-edited-120x120.jpg 120w, https:\/\/ekoopstina.com\/sr\/wp-content\/uploads\/2024\/03\/L1032802-edited-840x840.jpg 840w, https:\/\/ekoopstina.com\/sr\/wp-content\/uploads\/2024\/03\/L1032802-edited-410x410.jpg 410w\" sizes=\"auto, (max-width: 2299px) 100vw, 2299px\" \/><\/figure>\n<\/div>\n\n\n<p class=\"has-text-align-right\"><strong><strong>Katialine Burgorgue  \u2013 Institut Veolia&nbsp;<\/strong><\/strong><\/p>\n\n\n\n<p class=\"has-text-align-right\">Katialine Burgorgue je od februara 2023. godine odgovorna za programe Instituta Veolia.<\/p>\n\n\n\n<p class=\"has-text-align-right\">Ona je zadu\u017eena za vo\u0111enje, animaciju i promociju radova Instituta Veolia, posebno za pisanje revije FACTS Reports i organizaciju ciklusa konferencija o temama odr\u017eivog razvoja i inovacija. Diplomirala je na Univerzitetu Paris-Dauphine u oblasti Finansija i na IAE-u Poitiers u oblasti Poreske Politike. Provela je vi\u0161e od 16 godina kao poreska savetnica u Poreskim Direkcijama Grupe Veolia, u diviziji (Transport) zatim u Centrali, tokom kojih je imala priliku da upozna funkcionisanje finansija u poslovanju.Ve\u0107 nekoliko godina interesuje se i za izazove i posledice klimatskih promena i ekolo\u0161ke transformacije, teme koje su tako\u0111e na dnevnom redu Instituta i kompanije Veolia.<\/p>\n\n\n<div class=\"wp-block-image\">\n<figure class=\"alignleft size-large is-resized\"><img loading=\"lazy\" decoding=\"async\" width=\"1430\" height=\"1431\" src=\"https:\/\/ekoopstina.com\/sr\/wp-content\/uploads\/2024\/03\/Aleksandra-Mladenovic-edited.jpg\" alt=\"\" class=\"wp-image-19785\" style=\"width:232px;height:auto\" srcset=\"https:\/\/ekoopstina.com\/sr\/wp-content\/uploads\/2024\/03\/Aleksandra-Mladenovic-edited.jpg 1430w, https:\/\/ekoopstina.com\/sr\/wp-content\/uploads\/2024\/03\/Aleksandra-Mladenovic-edited-300x300.jpg 300w, https:\/\/ekoopstina.com\/sr\/wp-content\/uploads\/2024\/03\/Aleksandra-Mladenovic-edited-1024x1024.jpg 1024w, https:\/\/ekoopstina.com\/sr\/wp-content\/uploads\/2024\/03\/Aleksandra-Mladenovic-edited-150x150.jpg 150w, https:\/\/ekoopstina.com\/sr\/wp-content\/uploads\/2024\/03\/Aleksandra-Mladenovic-edited-768x769.jpg 768w, https:\/\/ekoopstina.com\/sr\/wp-content\/uploads\/2024\/03\/Aleksandra-Mladenovic-edited-370x370.jpg 370w, https:\/\/ekoopstina.com\/sr\/wp-content\/uploads\/2024\/03\/Aleksandra-Mladenovic-edited-120x120.jpg 120w, https:\/\/ekoopstina.com\/sr\/wp-content\/uploads\/2024\/03\/Aleksandra-Mladenovic-edited-840x841.jpg 840w, https:\/\/ekoopstina.com\/sr\/wp-content\/uploads\/2024\/03\/Aleksandra-Mladenovic-edited-410x410.jpg 410w\" sizes=\"auto, (max-width: 1430px) 100vw, 1430px\" \/><\/figure>\n<\/div>\n\n\n<p><strong><strong>Aleksandra Mladenovi\u0107 \u2013 Ambasadori odr\u017eivog razvoja i \u017eivotne sredine<\/strong><\/strong><\/p>\n\n\n\n<p>Aleksandra Mladenovi\u0107 je predsednica strukovnog udru\u017eenja Ambasadori odr\u017eivog razvoja i \u017eivotne sredine. Magistrirala je 2002. godine na Biolo\u0161kom fakultetu Univerziteta u Beogradu, iz oblasti ekologije \u017eivotinja. Njeno dosada\u0161nje profesionalno iskustvo vezano je za oblast za\u0161tita \u017eivotne sredine, sa fokusom na za\u0161titu prirode i biodiverziteta. Rukovodila je nacionalnim projektima iz oblasti biodiverziteta, bezbednosti voda i sanitacije, u\u010de\u0161\u0107a javnosti, klimatskih promena, odr\u017eivog kori\u0161\u0107enja resursa i dr. U periodu od 2018. do 2021. godine rukovodila je regionalnim projektom podr\u017eanim od strane EU: \u201c\u200eENV.net uklju\u010divanje pitanja \u017eivotne sredine Zapadnog Balkana i Turske u politi\u010dku agendu EU\u201d \u200e\u200e(ref. no. 2017\/394-372)\u200e&#8221;. \u010clan je koordinacionog tela mre\u017ee Zelena stolica, kao predstavnik Ambasadora odr\u017eivog razvoja. U Ambasadorima odr\u017eivog razvoja i \u017eivotne sredine je od 2015. godine, anga\u017eovana na programima FEE \u2013 Fondacije za obrazovanje o \u017eivotnoj sredini (nacionalni kooordinator programa Eko-\u0161kole i Plava zastava), a od 2017. godine je predsednik udru\u017eenja.<\/p>\n\n\n<div class=\"wp-block-image\">\n<figure class=\"alignright size-full\"><img loading=\"lazy\" decoding=\"async\" width=\"186\" height=\"179\" src=\"https:\/\/ekoopstina.com\/sr\/wp-content\/uploads\/2024\/06\/Emin-Pecanin-1-5.jpg\" alt=\"\" class=\"wp-image-19859\"\/><\/figure>\n<\/div>\n\n\n<p class=\"has-text-align-right\"><br><strong>Emin Pe\u0107anin &#8211; Eko Infinity<\/strong><\/p>\n\n\n\n<p class=\"has-text-align-right\">je predsednik ekolo\u0161ke organizacije Eco Infinity, \u010diji je cilj pobolj\u0161anje ekolo\u0161kih uslova i unapre\u0111enje \u017eivotne sredine u 25 manjih lokalnih zajednica u Srbiji. Rukovodilac je projekta \u201eVratimo mladicu u Grabovicu\u201c, koji predstavlja kapitalan projekat o\u010duvanja biodiverziteta u Sjenici, kao i direktor me\u0111unarodnog Infinity festivala, koji doprinosi razvoju sistema obrazovanja, zapo\u0161ljavanja, kulture i dru\u0161tvenog \u017eivota me\u0111u mladima. U\u010desnik je brojnih me\u0111unarodnih konferencija iz oblasti o\u010duvanja \u017eivotne sredine i gra\u0111anskog aktivizma, a jedna od najzna\u010dajnijih je ActNow konferencija u Be\u010du i \u0160tutgartu. Student je Arhitektonskog fakulteta u Beogradu.<\/p>\n\n\n<div class=\"wp-block-image\">\n<figure class=\"alignleft size-full is-resized\"><img loading=\"lazy\" decoding=\"async\" width=\"800\" height=\"800\" src=\"https:\/\/ekoopstina.com\/sr\/wp-content\/uploads\/2024\/03\/1587044680750-1.jpeg\" alt=\"\" class=\"wp-image-19784\" style=\"width:197px;height:auto\" srcset=\"https:\/\/ekoopstina.com\/sr\/wp-content\/uploads\/2024\/03\/1587044680750-1.jpeg 800w, https:\/\/ekoopstina.com\/sr\/wp-content\/uploads\/2024\/03\/1587044680750-1-300x300.jpeg 300w, https:\/\/ekoopstina.com\/sr\/wp-content\/uploads\/2024\/03\/1587044680750-1-150x150.jpeg 150w, https:\/\/ekoopstina.com\/sr\/wp-content\/uploads\/2024\/03\/1587044680750-1-768x768.jpeg 768w, https:\/\/ekoopstina.com\/sr\/wp-content\/uploads\/2024\/03\/1587044680750-1-370x370.jpeg 370w, https:\/\/ekoopstina.com\/sr\/wp-content\/uploads\/2024\/03\/1587044680750-1-120x120.jpeg 120w, https:\/\/ekoopstina.com\/sr\/wp-content\/uploads\/2024\/03\/1587044680750-1-410x410.jpeg 410w\" sizes=\"auto, (max-width: 800px) 100vw, 800px\" \/><\/figure>\n<\/div>\n\n\n<p><strong>Estelle Duhem \u2013 Francuski institut<\/strong><\/p>\n\n\n\n<p class=\"has-text-align-left\">Estelle Duhem je koordinatorka dvojezi\u010dnih sekcija i zadu\u017eena za promociju francuskog jezika u Francuskom institutu u Srbiji od novembra 2022.<\/p>\n\n\n\n<p class=\"has-text-align-left\">Diplomirala je na Odeljenju za moderne jezike sa opcijom francuskog kao stranog i drugog jezika na Katoli\u010dkom univerzitetu u Lilu, magistrirala je na odseku za jezik na Univerzitetu u Lilu (summa cum laude), kao i poha\u0111ala obuku za pedago\u0161kog in\u017eenjera sa OpenClassrooms-om. Strastvena je u oblasti obrazovanja, kulturnog sveta i posve\u0107ena za\u0161titi planete, a stekla je iskustvo u nastavi latinskog i gr\u010dkog jezika, u nastavi francuskog kao stranog jezika, kao i u pedago\u0161kom in\u017eenjeringu u poslovnoj \u0161koli.<\/p>\n\n\n<div class=\"wp-block-image\">\n<figure class=\"alignright size-large is-resized\"><img loading=\"lazy\" decoding=\"async\" width=\"1364\" height=\"1363\" src=\"https:\/\/ekoopstina.com\/sr\/wp-content\/uploads\/2024\/03\/339317037_1258611588420039_3455738778562097394_n-edited.jpg\" alt=\"\" class=\"wp-image-19787\" style=\"width:198px;height:auto\" srcset=\"https:\/\/ekoopstina.com\/sr\/wp-content\/uploads\/2024\/03\/339317037_1258611588420039_3455738778562097394_n-edited.jpg 1364w, https:\/\/ekoopstina.com\/sr\/wp-content\/uploads\/2024\/03\/339317037_1258611588420039_3455738778562097394_n-edited-300x300.jpg 300w, https:\/\/ekoopstina.com\/sr\/wp-content\/uploads\/2024\/03\/339317037_1258611588420039_3455738778562097394_n-edited-1024x1024.jpg 1024w, https:\/\/ekoopstina.com\/sr\/wp-content\/uploads\/2024\/03\/339317037_1258611588420039_3455738778562097394_n-edited-150x150.jpg 150w, https:\/\/ekoopstina.com\/sr\/wp-content\/uploads\/2024\/03\/339317037_1258611588420039_3455738778562097394_n-edited-768x767.jpg 768w, https:\/\/ekoopstina.com\/sr\/wp-content\/uploads\/2024\/03\/339317037_1258611588420039_3455738778562097394_n-edited-370x370.jpg 370w, https:\/\/ekoopstina.com\/sr\/wp-content\/uploads\/2024\/03\/339317037_1258611588420039_3455738778562097394_n-edited-120x120.jpg 120w, https:\/\/ekoopstina.com\/sr\/wp-content\/uploads\/2024\/03\/339317037_1258611588420039_3455738778562097394_n-edited-840x839.jpg 840w, https:\/\/ekoopstina.com\/sr\/wp-content\/uploads\/2024\/03\/339317037_1258611588420039_3455738778562097394_n-edited-410x410.jpg 410w\" sizes=\"auto, (max-width: 1364px) 100vw, 1364px\" \/><\/figure>\n<\/div>\n\n\n<p class=\"has-text-align-right\"><strong>Aleksandar Panteli\u0107 \u2013 Ambasada Francuske<\/strong><\/p>\n\n\n\n<p class=\"has-text-align-right\">Na poziciji zadu\u017eenja za misiju institucionalne i tehni\u010dke saradnje, Aleksandar je preuzeo svoje funkcije u septembru 2022. godine kako bi doprineo razli\u010ditim projektima ambasade na teme decentralizovane saradnje, \u017eivotne sredine i inovacija.<\/p>\n\n\n\n<p class=\"has-text-align-right\">Diplomirao je na ILERI (Institut Libre d&#8217;Etudes des Relations Internationales) i na IAE Poitiers (Institut d&#8217;Administration des Entreprises) u oblastima Javnih poslova i Me\u0111unarodnih odnosa, kao i u oblasti Ekonomskog obave\u0161tajnog sistema. Stekao je iskustvo u ekspertizi pra\u0107enja i upravljanja inovacionim projektima izme\u0111u Azije, Afrike i Evrope.<\/p>\n\n\n\n<p><\/p>\n\n\n\n<p><\/p>\n","protected":false},"excerpt":{"rendered":"<p>Predsednica \u017eirija \u2013 Nata\u0161a Kova\u010devic\u0301 Nata\u0161a je bila \u0161ampionka Srbije u ko\u0161arci. Kroz svoju fondaciju pru\u017ea podr\u0161ku sportskim povre\u0111enim sportistima, kao i mladim sportistima u njihovom razvoju, posebno u \u0161kolskom&hellip;<\/p>\n","protected":false},"author":1,"featured_media":0,"parent":0,"menu_order":0,"comment_status":"closed","ping_status":"closed","template":"","meta":{"footnotes":""},"class_list":["post-19303","page","type-page","status-publish","hentry"],"_links":{"self":[{"href":"https:\/\/ekoopstina.com\/sr\/wp-json\/wp\/v2\/pages\/19303","targetHints":{"allow":["GET"]}}],"collection":[{"href":"https:\/\/ekoopstina.com\/sr\/wp-json\/wp\/v2\/pages"}],"about":[{"href":"https:\/\/ekoopstina.com\/sr\/wp-json\/wp\/v2\/types\/page"}],"author":[{"embeddable":true,"href":"https:\/\/ekoopstina.com\/sr\/wp-json\/wp\/v2\/users\/1"}],"replies":[{"embeddable":true,"href":"https:\/\/ekoopstina.com\/sr\/wp-json\/wp\/v2\/comments?post=19303"}],"version-history":[{"count":7,"href":"https:\/\/ekoopstina.com\/sr\/wp-json\/wp\/v2\/pages\/19303\/revisions"}],"predecessor-version":[{"id":19860,"href":"https:\/\/ekoopstina.com\/sr\/wp-json\/wp\/v2\/pages\/19303\/revisions\/19860"}],"wp:attachment":[{"href":"https:\/\/ekoopstina.com\/sr\/wp-json\/wp\/v2\/media?parent=19303"}],"curies":[{"name":"wp","href":"https:\/\/api.w.org\/{rel}","templated":true}]}}