{"id":19324,"date":"2022-05-08T13:39:41","date_gmt":"2022-05-08T13:39:41","guid":{"rendered":"https:\/\/ekoopstina.com\/sr\/?page_id=19324"},"modified":"2025-05-09T09:30:54","modified_gmt":"2025-05-09T09:30:54","slug":"concours-ecoles-vertes","status":"publish","type":"page","link":"https:\/\/ekoopstina.com\/sr\/concours-ecoles-vertes\/","title":{"rendered":"\u00a0Zelene \u0161kole\u00a0"},"content":{"rendered":"\n<p>U okviru konkursa Ekoop\u0161tina, Ambasada Republike Francuske u Srbiji i Francuski institut u Srbiji organizuju takmi\u010denje pod nazivom \u201eZelene \u0161kole\u201d koji ima za cilj razvoj ekolo\u0161kog gra\u0111anstva nagra\u0111ivanjem i podsticanjem dobrih praksi u\u010denika i nastavnika u Srbiji u pogledu za\u0161tite \u017eivotne sredine.<\/p>\n\n\n\n<p>Konkurs je otvoren za sve srpske \u0161kole (gimnazije, srednje i osnovne \u0161kole), i to u dve kategorije: frankofone i nefrankofone \u0161kole. Pozivaju se grupe nastavnika-u\u010denika da po\u0161alju prezentaciju svojih aktivnosti u vezi sa za\u0161titom \u017eivotne sredine (na francuskom ili srpskom jeziku). Dva pobedni\u010dka tima dobic\u0301e brojne nagrade Dekatlona i mnoge druge poklone.<\/p>\n\n\n\n<p>Prijave se \u0161alju od 1. maja do 30. juna 2025. godina. Kako da se prijavite? Pripremite i po\u0161aljite Powerpoint prezentaciju od 5 stranica na francuskom ili srpskom jeziku u kojoj \u0107ete predstaviti svoju inicijativu.<\/p>\n\n\n\n<p>Kontakt&nbsp;: <a href=\"mailto:ekoopstinazaskole@institutfrancais.rs\" data-type=\"mailto\" data-id=\"mailto:ekoopstinazaskole@institutfrancais.rs\">ekoopstinazaskole@institutfrancais.rs<\/a>&nbsp;<\/p>\n\n\n\n<p>Konkurs \u00ab\u00a0Zelene \u0161kole\u00a0\u00bb podr\u017eavaju Decathlon i Telekom Srbija.<\/p>\n\n\n\n<p>Dodatne informacije :&nbsp;<\/p>\n\n\n\n<p>Bro\u0161ura \u00ab&nbsp;Zelene \u0161kole&nbsp;\u00bb<\/p>\n\n\n\n<p>Pravilnik takmi\u010denja \u00ab&nbsp;Zelene \u0161kole&nbsp;\u00bb<\/p>\n\n\n\n<div data-wp-interactive=\"core\/file\" class=\"wp-block-file\"><object data-wp-bind--hidden=\"!state.hasPdfPreview\" hidden class=\"wp-block-file__embed\" data=\"https:\/\/ekoopstina.com\/sr\/wp-content\/uploads\/2024\/06\/SR-Pravilnik-za-kategoriju-\u201eZelene-skole-takmicenja-Ekoopstina.pdf\" type=\"application\/pdf\" style=\"width:100%;height:600px\" aria-label=\"Embed of SR-Pravilnik-za-kategoriju-\u201eZelene-skole-takmicenja-Ekoopstina.\"><\/object><a id=\"wp-block-file--media-789486d1-44d0-498c-aa2e-746dfb61a15e\" href=\"https:\/\/ekoopstina.com\/sr\/wp-content\/uploads\/2024\/06\/SR-Pravilnik-za-kategoriju-\u201eZelene-skole-takmicenja-Ekoopstina.pdf\">SR-Pravilnik-za-kategoriju-\u201eZelene-skole-takmicenja-Ekoopstina<\/a><a href=\"https:\/\/ekoopstina.com\/sr\/wp-content\/uploads\/2024\/06\/SR-Pravilnik-za-kategoriju-\u201eZelene-skole-takmicenja-Ekoopstina.pdf\" class=\"wp-block-file__button wp-element-button\" download aria-describedby=\"wp-block-file--media-789486d1-44d0-498c-aa2e-746dfb61a15e\">Download<\/a><\/div>\n\n\n\n<div data-wp-interactive=\"core\/file\" class=\"wp-block-file\"><object data-wp-bind--hidden=\"!state.hasPdfPreview\" hidden class=\"wp-block-file__embed\" data=\"https:\/\/ekoopstina.com\/sr\/wp-content\/uploads\/2025\/05\/Zelene-Skole.pdf\" type=\"application\/pdf\" style=\"width:100%;height:600px\" aria-label=\"Embed of Zelene Skole.\"><\/object><a id=\"wp-block-file--media-59634816-e733-4240-8152-cdc2a95bb159\" href=\"https:\/\/ekoopstina.com\/sr\/wp-content\/uploads\/2025\/05\/Zelene-Skole.pdf\">Zelene Skole<\/a><a href=\"https:\/\/ekoopstina.com\/sr\/wp-content\/uploads\/2025\/05\/Zelene-Skole.pdf\" class=\"wp-block-file__button wp-element-button\" download aria-describedby=\"wp-block-file--media-59634816-e733-4240-8152-cdc2a95bb159\">Download<\/a><\/div>\n","protected":false},"excerpt":{"rendered":"<p>U okviru konkursa Ekoop\u0161tina, Ambasada Republike Francuske u Srbiji i Francuski institut u Srbiji organizuju takmi\u010denje pod nazivom \u201eZelene \u0161kole\u201d koji ima za cilj razvoj ekolo\u0161kog gra\u0111anstva nagra\u0111ivanjem i podsticanjem&hellip;<\/p>\n","protected":false},"author":1,"featured_media":19322,"parent":0,"menu_order":0,"comment_status":"closed","ping_status":"closed","template":"","meta":{"footnotes":""},"class_list":["post-19324","page","type-page","status-publish","has-post-thumbnail","hentry"],"_links":{"self":[{"href":"https:\/\/ekoopstina.com\/sr\/wp-json\/wp\/v2\/pages\/19324","targetHints":{"allow":["GET"]}}],"collection":[{"href":"https:\/\/ekoopstina.com\/sr\/wp-json\/wp\/v2\/pages"}],"about":[{"href":"https:\/\/ekoopstina.com\/sr\/wp-json\/wp\/v2\/types\/page"}],"author":[{"embeddable":true,"href":"https:\/\/ekoopstina.com\/sr\/wp-json\/wp\/v2\/users\/1"}],"replies":[{"embeddable":true,"href":"https:\/\/ekoopstina.com\/sr\/wp-json\/wp\/v2\/comments?post=19324"}],"version-history":[{"count":15,"href":"https:\/\/ekoopstina.com\/sr\/wp-json\/wp\/v2\/pages\/19324\/revisions"}],"predecessor-version":[{"id":19970,"href":"https:\/\/ekoopstina.com\/sr\/wp-json\/wp\/v2\/pages\/19324\/revisions\/19970"}],"wp:featuredmedia":[{"embeddable":true,"href":"https:\/\/ekoopstina.com\/sr\/wp-json\/wp\/v2\/media\/19322"}],"wp:attachment":[{"href":"https:\/\/ekoopstina.com\/sr\/wp-json\/wp\/v2\/media?parent=19324"}],"curies":[{"name":"wp","href":"https:\/\/api.w.org\/{rel}","templated":true}]}}